{"id":7028,"date":"2024-11-22T23:36:03","date_gmt":"2024-11-22T23:36:03","guid":{"rendered":"https:\/\/inmove.com.mx\/?page_id=7028"},"modified":"2025-02-24T11:43:29","modified_gmt":"2025-02-24T11:43:29","slug":"reclutamiento","status":"publish","type":"page","link":"https:\/\/inmove.com.mx\/en\/reclutamiento\/","title":{"rendered":"reclutamiento"},"content":{"rendered":"<div data-elementor-type=\"wp-page\" data-elementor-id=\"7028\" class=\"elementor elementor-7028\" data-elementor-post-type=\"page\">\n\t\t\t\t<div class=\"elementor-element elementor-element-08ea88e e-flex e-con-boxed e-con e-parent\" data-id=\"08ea88e\" data-element_type=\"container\" data-e-type=\"container\">\n\t\t\t\t\t<div class=\"e-con-inner\">\n\t\t<div class=\"elementor-element elementor-element-4a48403 e-con-full e-flex e-con e-child\" data-id=\"4a48403\" data-element_type=\"container\" data-e-type=\"container\">\n\t\t\t\t<div class=\"elementor-element elementor-element-ed7d9c9 elementor-widget elementor-widget-heading\" data-id=\"ed7d9c9\" data-element_type=\"widget\" data-e-type=\"widget\" data-widget_type=\"heading.default\">\n\t\t\t\t<div class=\"elementor-widget-container\">\n\t\t\t\t\t<h2 class=\"elementor-heading-title elementor-size-default\">\u00a1Inmove Desarrollos Inmobiliarios busca talento como t\u00fa!\n\n<\/h2>\t\t\t\t<\/div>\n\t\t\t\t<\/div>\n\t\t\t\t<\/div>\n\t\t\t\t\t<\/div>\n\t\t\t\t<\/div>\n\t\t<div class=\"elementor-element elementor-element-8c92379 e-flex e-con-boxed e-con e-parent\" data-id=\"8c92379\" data-element_type=\"container\" data-e-type=\"container\">\n\t\t\t\t\t<div class=\"e-con-inner\">\n\t\t\t\t<div class=\"elementor-element elementor-element-12e756c elementor-widget elementor-widget-text-editor\" data-id=\"12e756c\" data-element_type=\"widget\" data-e-type=\"widget\" data-widget_type=\"text-editor.default\">\n\t\t\t\t<div class=\"elementor-widget-container\">\n\t\t\t\t\t\t\t\t\t<p data-sourcepos=\"3:1-3:226\">\u00bfEres un l\u00edder nato con pasi\u00f3n por las ventas y una s\u00f3lida experiencia en el sector inmobiliario? \u00bfBuscas una oportunidad para crecer profesionalmente y formar parte de una empresa l\u00edder en el mercado? \u00a1Esta es tu oportunidad!<\/p><p data-sourcepos=\"5:1-5:249\"><strong>Inmove Desarrollos Inmobiliarios<\/strong>, con m\u00e1s de 25 a\u00f1os de experiencia en la creaci\u00f3n de desarrollos exitosos en las mejores zonas de Yucat\u00e1n, se encuentra en una etapa de expansi\u00f3n y buscamos <strong>incrementar nuestra cartera de vendedores estrella<\/strong>.<\/p><p data-sourcepos=\"7:1-7:18\"><strong>\u00bfQu\u00e9 buscamos?<\/strong><\/p><ul data-sourcepos=\"9:1-13:0\"><li data-sourcepos=\"9:1-9:146\"><strong>L\u00edder de Ventas Sr. \/ Ejecutivo de Ventas Inmobiliarias Sr. \/ Representante de Ventas Inmobiliarias<\/strong> con experiencia comprobada en el sector.<\/li><li data-sourcepos=\"10:1-10:94\">Profesional con una <strong>s\u00f3lida red de contactos<\/strong> y habilidades de <strong>prospecci\u00f3n multicanal<\/strong>.<\/li><li data-sourcepos=\"11:1-11:94\"><strong>Excelentes habilidades de comunicaci\u00f3n<\/strong> y una actitud de servicio al cliente excepcional.<\/li><li data-sourcepos=\"12:1-13:0\">Pasi\u00f3n por los bienes ra\u00edces y compromiso con la excelencia.<\/li><\/ul><p data-sourcepos=\"14:1-14:19\"><strong>\u00bfQu\u00e9 ofrecemos?<\/strong><\/p><ul data-sourcepos=\"16:1-21:0\"><li data-sourcepos=\"16:1-16:86\">La oportunidad de unirte a una empresa l\u00edder en el mercado inmobiliario del sureste.<\/li><li data-sourcepos=\"17:1-17:98\">Un ambiente de trabajo din\u00e1mico y colaborativo, donde podr\u00e1s desarrollar tu potencial al m\u00e1ximo.<\/li><li data-sourcepos=\"18:1-18:96\">Atractivo esquema de comisiones sin tope, con ingresos superiores a los $70,000 MXN mensuales.<\/li><li data-sourcepos=\"19:1-19:68\">Capacitaci\u00f3n constante y oportunidades de crecimiento profesional.<\/li><li data-sourcepos=\"20:1-21:0\">Beneficios adicionales como viajes de incentivos y reconocimientos por desempe\u00f1o.<\/li><\/ul><p data-sourcepos=\"22:1-22:94\"><strong>\u00a1\u00danete a nuestro equipo y construye un futuro exitoso en Inmove Desarrollos Inmobiliarios!<\/strong><\/p>\t\t\t\t\t\t\t\t<\/div>\n\t\t\t\t<\/div>\n\t\t\t\t\t<\/div>\n\t\t\t\t<\/div>\n\t\t<div class=\"elementor-element elementor-element-b0abaec e-flex e-con-boxed e-con e-parent\" data-id=\"b0abaec\" data-element_type=\"container\" data-e-type=\"container\">\n\t\t\t\t\t<div class=\"e-con-inner\">\n\t\t\t\t<div class=\"elementor-element elementor-element-b863a58 elementor-widget elementor-widget-shortcode\" data-id=\"b863a58\" data-element_type=\"widget\" data-e-type=\"widget\" data-widget_type=\"shortcode.default\">\n\t\t\t\t<div class=\"elementor-widget-container\">\n\t\t\t\t\t\t\t<div class=\"elementor-shortcode\"><script src=\"https:\/\/js.hsforms.net\/forms\/embed\/49317101.js\" defer><\/script>\n<div class=\"hs-form-frame\" data-region=\"na1\" data-form-id=\"c85d08ff-487f-4caa-9042-6b7fea28bfbc\" data-portal-id=\"49317101\"><\/div><\/div>\n\t\t\t\t\t\t<\/div>\n\t\t\t\t<\/div>\n\t\t\t\t\t<\/div>\n\t\t\t\t<\/div>\n\t\t\t\t<\/div>","protected":false},"excerpt":{"rendered":"<p>\u00a1Inmove Desarrollos Inmobiliarios busca talento como t\u00fa! \u00bfEres un l\u00edder nato con pasi\u00f3n por las ventas y una s\u00f3lida experiencia en el sector inmobiliario? \u00bfBuscas una oportunidad para crecer profesionalmente y formar parte de una empresa l\u00edder en el mercado? \u00a1Esta es tu oportunidad! Inmove Desarrollos Inmobiliarios, con m\u00e1s de 25 a\u00f1os de experiencia en [&hellip;]<\/p>","protected":false},"author":6,"featured_media":6937,"parent":0,"menu_order":0,"comment_status":"closed","ping_status":"closed","template":"elementor_canvas","meta":{"_acf_changed":false,"_eb_attr":"","content-type":"","_joinchat":[],"footnotes":""},"class_list":["post-7028","page","type-page","status-publish","has-post-thumbnail","hentry"],"acf":[],"_links":{"self":[{"href":"https:\/\/inmove.com.mx\/en\/wp-json\/wp\/v2\/pages\/7028","targetHints":{"allow":["GET"]}}],"collection":[{"href":"https:\/\/inmove.com.mx\/en\/wp-json\/wp\/v2\/pages"}],"about":[{"href":"https:\/\/inmove.com.mx\/en\/wp-json\/wp\/v2\/types\/page"}],"author":[{"embeddable":true,"href":"https:\/\/inmove.com.mx\/en\/wp-json\/wp\/v2\/users\/6"}],"replies":[{"embeddable":true,"href":"https:\/\/inmove.com.mx\/en\/wp-json\/wp\/v2\/comments?post=7028"}],"version-history":[{"count":302,"href":"https:\/\/inmove.com.mx\/en\/wp-json\/wp\/v2\/pages\/7028\/revisions"}],"predecessor-version":[{"id":7466,"href":"https:\/\/inmove.com.mx\/en\/wp-json\/wp\/v2\/pages\/7028\/revisions\/7466"}],"wp:featuredmedia":[{"embeddable":true,"href":"https:\/\/inmove.com.mx\/en\/wp-json\/wp\/v2\/media\/6937"}],"wp:attachment":[{"href":"https:\/\/inmove.com.mx\/en\/wp-json\/wp\/v2\/media?parent=7028"}],"curies":[{"name":"wp","href":"https:\/\/api.w.org\/{rel}","templated":true}]}}