{"id":629,"date":"2022-10-27T05:01:46","date_gmt":"2022-10-27T05:01:46","guid":{"rendered":"https:\/\/inmove.com.mx\/index.php\/contact\/"},"modified":"2024-01-31T16:30:30","modified_gmt":"2024-01-31T16:30:30","slug":"contact","status":"publish","type":"page","link":"https:\/\/inmove.com.mx\/en\/contact\/","title":{"rendered":"Contact"},"content":{"rendered":"<div data-elementor-type=\"wp-post\" data-elementor-id=\"629\" class=\"elementor elementor-629\" data-elementor-post-type=\"page\">\n\t\t\t\t<div class=\"elementor-element elementor-element-29d6b4a e-flex e-con-boxed e-con e-parent\" data-id=\"29d6b4a\" data-element_type=\"container\" data-e-type=\"container\">\n\t\t\t\t\t<div class=\"e-con-inner\">\n\t\t\t\t<div class=\"elementor-element elementor-element-776640c elementor-widget-laptop__width-initial elementor-widget elementor-widget-html\" data-id=\"776640c\" data-element_type=\"widget\" data-e-type=\"widget\" data-widget_type=\"html.default\">\n\t\t\t\t<div class=\"elementor-widget-container\">\n\t\t\t\t\t\n<style type=\"text\/css\" scoped>\n    .mauticform_wrapper { max-width: 600px; margin: 10px auto; }\n    .mauticform-innerform {}\n    .mauticform-post-success {}\n    .mauticform-name { font-weight: bold; font-size: 1.5em; margin-bottom: 3px; }\n    .mauticform-description { margin-top: 2px; margin-bottom: 10px; }\n    .mauticform-error { margin-bottom: 10px; color: red; }\n    .mauticform-message { margin-bottom: 10px;color: green; }\n    .mauticform-row { display: block; margin-bottom: 20px; }\n    .mauticform-label { font-size: 1.1em; display: block; font-weight: bold; margin-bottom: 5px; }\n    .mauticform-row.mauticform-required .mauticform-label:after { color: #e32; content: \" *\"; display: inline; }\n    .mauticform-helpmessage { display: block; font-size: 0.9em; margin-bottom: 3px; }\n    .mauticform-errormsg { display: block; color: red; margin-top: 2px; }\n    .mauticform-selectbox, .mauticform-input, .mauticform-textarea { width: 100%; padding: 0.5em 0.5em; border: 1px solid #CCC; background: #fff; box-shadow: 0px 0px 0px #fff inset; border-radius: 4px; box-sizing: border-box; }\n    .mauticform-checkboxgrp-row {}\n    .mauticform-checkboxgrp-label { font-weight: normal; }\n    .mauticform-checkboxgrp-checkbox {}\n    .mauticform-radiogrp-row {}\n    .mauticform-radiogrp-label { font-weight: normal; }\n    .mauticform-radiogrp-radio {}\n    .mauticform-button-wrapper .mauticform-button.btn-default, .mauticform-pagebreak-wrapper .mauticform-pagebreak.btn-default { color: #5d6c7c;background-color: #ffffff;border-color: #dddddd;}\n    .mauticform-button-wrapper .mauticform-button, .mauticform-pagebreak-wrapper .mauticform-pagebreak { display: inline-block;margin-bottom: 0;font-weight: 600;text-align: center;vertical-align: middle;cursor: pointer;background-image: none;border: 1px solid transparent;white-space: nowrap;padding: 6px 12px;font-size: 13px;line-height: 1.3856;border-radius: 3px;-webkit-user-select: none;-moz-user-select: none;-ms-user-select: none;user-select: none;}\n    .mauticform-button-wrapper .mauticform-button.btn-default[disabled], .mauticform-pagebreak-wrapper .mauticform-pagebreak.btn-default[disabled] { background-color: #ffffff; border-color: #dddddd; opacity: 0.75; cursor: not-allowed; }\n    .mauticform-pagebreak-wrapper .mauticform-button-wrapper {  display: inline; }\n<\/style><style type=\"text\/css\" scoped>\n    .mauticform-field-hidden { display:none }\n<\/style>\n\n<div id=\"mauticform_wrapper_grupoinmove\" class=\"mauticform_wrapper\">\n    <form autocomplete=\"false\" role=\"form\" method=\"post\" action=\"http:\/\/crm.inmove.com.mx\/form\/submit?formId=12\" id=\"mauticform_grupoinmove\" data-mautic-form=\"grupoinmove\" enctype=\"multipart\/form-data\">\n        <div class=\"mauticform-error\" id=\"mauticform_grupoinmove_error\"><\/div>\n        <div class=\"mauticform-message\" id=\"mauticform_grupoinmove_message\"><\/div>\n        <div class=\"mauticform-innerform\">\n            \n          <div class=\"mauticform-page-wrapper mauticform-page-1\" data-mautic-form-page=\"1\">\n\n            <div id=\"mauticform_grupoinmove_nombre_completo\" class=\"mauticform-row mauticform-text mauticform-field-1\">\n                <label id=\"mauticform_label_grupoinmove_nombre_completo\" for=\"mauticform_input_grupoinmove_nombre_completo\" class=\"mauticform-label\">Nombre completo<\/label>\n                <input id=\"mauticform_input_grupoinmove_nombre_completo\" name=\"mauticform[nombre_completo]\" value=\"\" class=\"mauticform-input\" type=\"text\">\n                <span class=\"mauticform-errormsg\" style=\"display: none;\"><\/span>\n            <\/div>\n\n            <div id=\"mauticform_grupoinmove_email\" class=\"mauticform-row mauticform-email mauticform-field-2\">\n                <label id=\"mauticform_label_grupoinmove_email\" for=\"mauticform_input_grupoinmove_email\" class=\"mauticform-label\">Email<\/label>\n                <input id=\"mauticform_input_grupoinmove_email\" name=\"mauticform[email]\" value=\"\" placeholder=\"Correo Electronico\" class=\"mauticform-input\" type=\"email\">\n                <span class=\"mauticform-errormsg\" style=\"display: none;\"><\/span>\n            <\/div>\n\n            <div id=\"mauticform_grupoinmove_whatsapp\" class=\"mauticform-row mauticform-tel mauticform-field-3\">\n                <label id=\"mauticform_label_grupoinmove_whatsapp\" for=\"mauticform_input_grupoinmove_whatsapp\" class=\"mauticform-label\">Whatsapp<\/label>\n                <input id=\"mauticform_input_grupoinmove_whatsapp\" name=\"mauticform[whatsapp]\" value=\"\" placeholder=\"N\u00famero de contacto\" class=\"mauticform-input\" type=\"tel\">\n                <span class=\"mauticform-errormsg\" style=\"display: none;\"><\/span>\n            <\/div>\n\n            <div id=\"mauticform_grupoinmove_en_cuanto_tiempo_te_gusta\" class=\"mauticform-row mauticform-select mauticform-field-4\">\n                <label id=\"mauticform_label_grupoinmove_en_cuanto_tiempo_te_gusta\" for=\"mauticform_input_grupoinmove_en_cuanto_tiempo_te_gusta\" class=\"mauticform-label\">\u00bfEn cuanto tiempo te gustar\u00eda invertir?<\/label>\n                <select id=\"mauticform_input_grupoinmove_en_cuanto_tiempo_te_gusta\" name=\"mauticform[en_cuanto_tiempo_te_gusta]\" value=\"\" class=\"mauticform-selectbox\">                    <option value=\"\"><\/option>                    <option value=\"Inmediato\">Inmediato<\/option>                    <option value=\"En 3 meses\">En 3 meses<\/option>                    <option value=\"A largo plazo\">A largo plazo<\/option>\n                <\/select>\n                <span class=\"mauticform-errormsg\" style=\"display: none;\"><\/span>\n            <\/div>\n\n            <div id=\"mauticform_grupoinmove_cual_es_el_monto_de_su_in\" class=\"mauticform-row mauticform-select mauticform-field-5\">\n                <label id=\"mauticform_label_grupoinmove_cual_es_el_monto_de_su_in\" for=\"mauticform_input_grupoinmove_cual_es_el_monto_de_su_in\" class=\"mauticform-label\">\u00bfCu\u00e1l es el monto de su inversi\u00f3n?<\/label>\n                <select id=\"mauticform_input_grupoinmove_cual_es_el_monto_de_su_in\" name=\"mauticform[cual_es_el_monto_de_su_in]\" value=\"\" class=\"mauticform-selectbox\">                    <option value=\"\"><\/option>                    <option value=\"De $500,00 a $1,000,000\">De $500,00 a $1,000,000<\/option>                    <option value=\"De $1,000,000 a $2,000,000\">De $1,000,000 a $2,000,000<\/option>                    <option value=\"M\u00e1s de $2,000,000\">M\u00e1s de $2,000,000<\/option>\n                <\/select>\n                <span class=\"mauticform-errormsg\" style=\"display: none;\"><\/span>\n            <\/div>\n\n            <div id=\"mauticform_grupoinmove_submit\" class=\"mauticform-row mauticform-button-wrapper mauticform-field-6\">\n                <button type=\"submit\" name=\"mauticform[submit]\" id=\"mauticform_input_grupoinmove_submit\" value=\"\" class=\"mauticform-button btn btn-default\">Enviar<\/button>\n            <\/div>\n            <\/div>\n        <\/div>\n\n        <input type=\"hidden\" name=\"mauticform[formId]\" id=\"mauticform_grupoinmove_id\" value=\"12\">\n        <input type=\"hidden\" name=\"mauticform[return]\" id=\"mauticform_grupoinmove_return\" value=\"\">\n        <input type=\"hidden\" name=\"mauticform[formName]\" id=\"mauticform_grupoinmove_name\" value=\"grupoinmove\">\n\n        <\/form>\n<\/div>\n\t\t\t\t<\/div>\n\t\t\t\t<\/div>\n\t\t\t\t\t<\/div>\n\t\t\t\t<\/div>\n\t\t<div class=\"elementor-element elementor-element-0987222 e-flex e-con-boxed e-con e-parent\" data-id=\"0987222\" data-element_type=\"container\" data-e-type=\"container\">\n\t\t\t\t\t<div class=\"e-con-inner\">\n\t\t\t\t\t<\/div>\n\t\t\t\t<\/div>\n\t\t\t\t<\/div>","protected":false},"excerpt":{"rendered":"<p>Nombre completo Email Whatsapp \u00bfEn cuanto tiempo te gustar\u00eda invertir? InmediatoEn 3 mesesA largo plazo \u00bfCu\u00e1l es el monto de su inversi\u00f3n? De $500,00 a $1,000,000De $1,000,000 a $2,000,000M\u00e1s de $2,000,000 Enviar<\/p>","protected":false},"author":1,"featured_media":0,"parent":0,"menu_order":0,"comment_status":"closed","ping_status":"closed","template":"","meta":{"_acf_changed":false,"_eb_attr":"","content-type":"","_joinchat":[],"footnotes":""},"class_list":["post-629","page","type-page","status-publish","hentry"],"acf":[],"_links":{"self":[{"href":"https:\/\/inmove.com.mx\/en\/wp-json\/wp\/v2\/pages\/629","targetHints":{"allow":["GET"]}}],"collection":[{"href":"https:\/\/inmove.com.mx\/en\/wp-json\/wp\/v2\/pages"}],"about":[{"href":"https:\/\/inmove.com.mx\/en\/wp-json\/wp\/v2\/types\/page"}],"author":[{"embeddable":true,"href":"https:\/\/inmove.com.mx\/en\/wp-json\/wp\/v2\/users\/1"}],"replies":[{"embeddable":true,"href":"https:\/\/inmove.com.mx\/en\/wp-json\/wp\/v2\/comments?post=629"}],"version-history":[{"count":11,"href":"https:\/\/inmove.com.mx\/en\/wp-json\/wp\/v2\/pages\/629\/revisions"}],"predecessor-version":[{"id":5491,"href":"https:\/\/inmove.com.mx\/en\/wp-json\/wp\/v2\/pages\/629\/revisions\/5491"}],"wp:attachment":[{"href":"https:\/\/inmove.com.mx\/en\/wp-json\/wp\/v2\/media?parent=629"}],"curies":[{"name":"wp","href":"https:\/\/api.w.org\/{rel}","templated":true}]}}