{"id":3829,"date":"2023-08-11T17:10:42","date_gmt":"2023-08-11T17:10:42","guid":{"rendered":"https:\/\/inmove.com.mx\/?page_id=3829"},"modified":"2023-08-11T22:04:29","modified_gmt":"2023-08-11T22:04:29","slug":"la-empedrada","status":"publish","type":"page","link":"https:\/\/inmove.com.mx\/en\/la-empedrada\/","title":{"rendered":"La empedrada"},"content":{"rendered":"<div data-elementor-type=\"wp-page\" data-elementor-id=\"3829\" class=\"elementor elementor-3829\" data-elementor-post-type=\"page\">\n\t\t\t\t<div class=\"elementor-element elementor-element-42b83ce animated-slow e-flex e-con-boxed elementor-invisible e-con e-parent\" data-id=\"42b83ce\" data-element_type=\"container\" data-e-type=\"container\" data-settings=\"{&quot;background_background&quot;:&quot;classic&quot;,&quot;animation&quot;:&quot;fadeIn&quot;}\">\n\t\t\t\t\t<div class=\"e-con-inner\">\n\t\t\t\t\t<\/div>\n\t\t\t\t<\/div>\n\t\t<div class=\"elementor-element elementor-element-7db1125 e-flex e-con-boxed e-con e-parent\" data-id=\"7db1125\" data-element_type=\"container\" data-e-type=\"container\" data-settings=\"{&quot;background_background&quot;:&quot;classic&quot;}\">\n\t\t\t\t\t<div class=\"e-con-inner\">\n\t\t<div class=\"elementor-element elementor-element-1db4370 e-con-full e-flex e-con e-parent\" data-id=\"1db4370\" data-element_type=\"container\" data-e-type=\"container\">\n\t\t\t\t<div class=\"elementor-element elementor-element-9dc0054 elementor-invisible elementor-widget elementor-widget-heading\" data-id=\"9dc0054\" data-element_type=\"widget\" data-e-type=\"widget\" data-settings=\"{&quot;_animation&quot;:&quot;fadeInUp&quot;}\" data-widget_type=\"heading.default\">\n\t\t\t\t<div class=\"elementor-widget-container\">\n\t\t\t\t\t<h2 class=\"elementor-heading-title elementor-size-default\">LA EMPEDRADA<\/h2>\t\t\t\t<\/div>\n\t\t\t\t<\/div>\n\t\t\t\t<div class=\"elementor-element elementor-element-fc26a48 elementor-invisible elementor-widget elementor-widget-text-editor\" data-id=\"fc26a48\" data-element_type=\"widget\" data-e-type=\"widget\" data-settings=\"{&quot;_animation&quot;:&quot;fadeIn&quot;}\" data-widget_type=\"text-editor.default\">\n\t\t\t\t<div class=\"elementor-widget-container\">\n\t\t\t\t\t\t\t\t\t<p><span style=\"font-weight: 400;\">La Empedrada, the perfect fusion of harmony, coexistence, security and growth, establishing itself as an exceptional space in the heart of the city. More than just a real estate development, \"La Empedrada\" emerges as a city within a city, located in Conkal and encompassing 55 hectares of lots and macro lots. This growing community offers not only an investment in the future, taking advantage of Conkal's rising value, but also a priority focus on security and tranquility for its residents. With opportunities for personal and professional development, \"La Empedrada\" becomes a pathway to a promising future, where harmony and growth go hand in hand in a prosperous and evolving environment.<\/span><\/p>\t\t\t\t\t\t\t\t<\/div>\n\t\t\t\t<\/div>\n\t\t\t\t<div class=\"elementor-element elementor-element-6933ca2 elementor-align-center elementor-widget elementor-widget-button\" data-id=\"6933ca2\" data-element_type=\"widget\" data-e-type=\"widget\" data-widget_type=\"button.default\">\n\t\t\t\t<div class=\"elementor-widget-container\">\n\t\t\t\t\t\t\t\t\t<div class=\"elementor-button-wrapper\">\n\t\t\t\t\t<a class=\"elementor-button elementor-button-link elementor-size-sm\" href=\"https:\/\/laempedrada.mx\/\" target=\"_blank\" rel=\"noopener\">\n\t\t\t\t\t\t<span class=\"elementor-button-content-wrapper\">\n\t\t\t\t\t\t\t\t\t<span class=\"elementor-button-text\">More information<\/span>\n\t\t\t\t\t<\/span>\n\t\t\t\t\t<\/a>\n\t\t\t\t<\/div>\n\t\t\t\t\t\t\t\t<\/div>\n\t\t\t\t<\/div>\n\t\t\t\t<\/div>\n\t\t<div class=\"elementor-element elementor-element-9cccd3f e-con-full e-flex e-con e-parent\" data-id=\"9cccd3f\" data-element_type=\"container\" data-e-type=\"container\">\n\t\t\t\t<div class=\"elementor-element elementor-element-3761fb2 elementor-invisible elementor-widget elementor-widget-image\" data-id=\"3761fb2\" data-element_type=\"widget\" data-e-type=\"widget\" data-settings=\"{&quot;_animation&quot;:&quot;fadeIn&quot;}\" data-widget_type=\"image.default\">\n\t\t\t\t<div class=\"elementor-widget-container\">\n\t\t\t\t\t\t\t\t\t\t\t\t\t\t\t<img decoding=\"async\" src=\"https:\/\/inmove.com.mx\/wp-content\/uploads\/elementor\/thumbs\/empedrada-color-qb0cft91d12pzcuwaruenmg9kv65g77mploip5d6fa.png\" title=\"empedrada color\" alt=\"empedrada color\" loading=\"lazy\" \/>\t\t\t\t\t\t\t\t\t\t\t\t\t\t\t<\/div>\n\t\t\t\t<\/div>\n\t\t\t\t<\/div>\n\t\t\t\t\t<\/div>\n\t\t\t\t<\/div>\n\t\t<div class=\"elementor-element elementor-element-0a9d49d e-flex e-con-boxed e-con e-parent\" data-id=\"0a9d49d\" data-element_type=\"container\" data-e-type=\"container\" data-settings=\"{&quot;background_background&quot;:&quot;classic&quot;}\">\n\t\t\t\t\t<div class=\"e-con-inner\">\n\t\t\t\t<div class=\"elementor-element elementor-element-9f14917 elementor-widget__width-initial elementor-widget elementor-widget-text-editor\" data-id=\"9f14917\" data-element_type=\"widget\" data-e-type=\"widget\" data-widget_type=\"text-editor.default\">\n\t\t\t\t<div class=\"elementor-widget-container\">\n\t\t\t\t\t\t\t\t\tWould you like to learn more?\n\nSchedule your visit!\n\t\t\t\t\t\t\t\t<\/div>\n\t\t\t\t<\/div>\n\t\t\t\t<div class=\"elementor-element elementor-element-ad7c687 elementor-widget elementor-widget-html\" data-id=\"ad7c687\" data-element_type=\"widget\" data-e-type=\"widget\" data-widget_type=\"html.default\">\n\t\t\t\t<div class=\"elementor-widget-container\">\n\t\t\t\t\t<div class=\"_form_78\"><\/div><script src=\"https:\/\/corporativovega.activehosted.com\/f\/embed.php?id=78\" type=\"text\/javascript\" charset=\"utf-8\"><\/script>\t\t\t\t<\/div>\n\t\t\t\t<\/div>\n\t\t\t\t\t<\/div>\n\t\t\t\t<\/div>\n\t\t\t\t<\/div>","protected":false},"excerpt":{"rendered":"<p>LA EMPEDRADA La empedrada, la fusi\u00f3n perfecta entre armon\u00eda, convivencia, seguridad y crecimiento, estableci\u00e9ndose como un espacio excepcional en el coraz\u00f3n de la ciudad. M\u00e1s que un simple desarrollo inmobiliario, &#8220;La Empedrada&#8221; emerge como una ciudad dentro de otra, ubicada en Conkal y abarcando 55 hect\u00e1reas de lotes y macro lotes. Esta comunidad en constante [&hellip;]<\/p>","protected":false},"author":1,"featured_media":0,"parent":0,"menu_order":0,"comment_status":"closed","ping_status":"closed","template":"","meta":{"_acf_changed":false,"_eb_attr":"","content-type":"","_joinchat":[],"footnotes":""},"class_list":["post-3829","page","type-page","status-publish","hentry"],"acf":[],"_links":{"self":[{"href":"https:\/\/inmove.com.mx\/en\/wp-json\/wp\/v2\/pages\/3829","targetHints":{"allow":["GET"]}}],"collection":[{"href":"https:\/\/inmove.com.mx\/en\/wp-json\/wp\/v2\/pages"}],"about":[{"href":"https:\/\/inmove.com.mx\/en\/wp-json\/wp\/v2\/types\/page"}],"author":[{"embeddable":true,"href":"https:\/\/inmove.com.mx\/en\/wp-json\/wp\/v2\/users\/1"}],"replies":[{"embeddable":true,"href":"https:\/\/inmove.com.mx\/en\/wp-json\/wp\/v2\/comments?post=3829"}],"version-history":[{"count":13,"href":"https:\/\/inmove.com.mx\/en\/wp-json\/wp\/v2\/pages\/3829\/revisions"}],"predecessor-version":[{"id":4149,"href":"https:\/\/inmove.com.mx\/en\/wp-json\/wp\/v2\/pages\/3829\/revisions\/4149"}],"wp:attachment":[{"href":"https:\/\/inmove.com.mx\/en\/wp-json\/wp\/v2\/media?parent=3829"}],"curies":[{"name":"wp","href":"https:\/\/api.w.org\/{rel}","templated":true}]}}