{"id":3827,"date":"2023-08-11T17:09:21","date_gmt":"2023-08-11T17:09:21","guid":{"rendered":"https:\/\/inmove.com.mx\/?page_id=3827"},"modified":"2023-10-02T20:02:57","modified_gmt":"2023-10-02T20:02:57","slug":"tribanna","status":"publish","type":"page","link":"https:\/\/inmove.com.mx\/en\/tribanna\/","title":{"rendered":"Tribanna"},"content":{"rendered":"<div data-elementor-type=\"wp-page\" data-elementor-id=\"3827\" class=\"elementor elementor-3827\" data-elementor-post-type=\"page\">\n\t\t\t\t<div class=\"elementor-element elementor-element-42b83ce animated-slow e-flex e-con-boxed elementor-invisible e-con e-parent\" data-id=\"42b83ce\" data-element_type=\"container\" data-e-type=\"container\" data-settings=\"{&quot;background_background&quot;:&quot;classic&quot;,&quot;animation&quot;:&quot;fadeIn&quot;}\">\n\t\t\t\t\t<div class=\"e-con-inner\">\n\t\t\t\t\t<\/div>\n\t\t\t\t<\/div>\n\t\t<div class=\"elementor-element elementor-element-7db1125 e-flex e-con-boxed e-con e-parent\" data-id=\"7db1125\" data-element_type=\"container\" data-e-type=\"container\" data-settings=\"{&quot;background_background&quot;:&quot;classic&quot;}\">\n\t\t\t\t\t<div class=\"e-con-inner\">\n\t\t<div class=\"elementor-element elementor-element-1db4370 e-con-full e-flex e-con e-parent\" data-id=\"1db4370\" data-element_type=\"container\" data-e-type=\"container\">\n\t\t\t\t<div class=\"elementor-element elementor-element-9dc0054 elementor-invisible elementor-widget elementor-widget-heading\" data-id=\"9dc0054\" data-element_type=\"widget\" data-e-type=\"widget\" data-settings=\"{&quot;_animation&quot;:&quot;fadeInUp&quot;}\" data-widget_type=\"heading.default\">\n\t\t\t\t<div class=\"elementor-widget-container\">\n\t\t\t\t\t<h2 class=\"elementor-heading-title elementor-size-default\">TRIBANNA<\/h2>\t\t\t\t<\/div>\n\t\t\t\t<\/div>\n\t\t\t\t<div class=\"elementor-element elementor-element-fc26a48 elementor-invisible elementor-widget elementor-widget-text-editor\" data-id=\"fc26a48\" data-element_type=\"widget\" data-e-type=\"widget\" data-settings=\"{&quot;_animation&quot;:&quot;fadeIn&quot;}\" data-widget_type=\"text-editor.default\">\n\t\t\t\t<div class=\"elementor-widget-container\">\n\t\t\t\t\t\t\t\t\t<p><span style=\"font-weight: 400;\">Tribanna goes beyond being a residential development, it represents a fusion of comfort, luxury and security in an ever-growing premium location in Merida. From its slogan \"Comfort and exclusivity made real\", it is committed to providing unique spaces that become intimate retreats for families, backed by a community that creates a safe and welcoming environment. Tribanna is synonymous with luxury and exclusivity, carefully designed in every aspect to offer an\nexceptional living experience, from first-class facilities to a clubhouse with a variety of amenities. Here, nature and the environment synchronize in a perfect symphony, surrounding you with a serene landscape that inspires and connects you with beauty. More than a home, Tribanna is a smart investment for the future, with its strategic location promising sustainable capital gains and the opportunity to ensure your family's well-being. In short, Tribanna is the balance between comfort, security, luxury and exclusivity, inviting you to discover a full life in this development designed for you and your family. Welcome to Tribanna, where comfort becomes an exceptional living experience.<\/span><\/p>\t\t\t\t\t\t\t\t<\/div>\n\t\t\t\t<\/div>\n\t\t\t\t<div class=\"elementor-element elementor-element-75249e9 elementor-align-center elementor-widget elementor-widget-button\" data-id=\"75249e9\" data-element_type=\"widget\" data-e-type=\"widget\" data-widget_type=\"button.default\">\n\t\t\t\t<div class=\"elementor-widget-container\">\n\t\t\t\t\t\t\t\t\t<div class=\"elementor-button-wrapper\">\n\t\t\t\t\t<a class=\"elementor-button elementor-button-link elementor-size-sm\" href=\"https:\/\/tribannaresidencial.com\/\" target=\"_blank\" rel=\"noopener\">\n\t\t\t\t\t\t<span class=\"elementor-button-content-wrapper\">\n\t\t\t\t\t\t\t\t\t<span class=\"elementor-button-text\">More information<\/span>\n\t\t\t\t\t<\/span>\n\t\t\t\t\t<\/a>\n\t\t\t\t<\/div>\n\t\t\t\t\t\t\t\t<\/div>\n\t\t\t\t<\/div>\n\t\t\t\t<\/div>\n\t\t<div class=\"elementor-element elementor-element-9cccd3f e-con-full e-flex e-con e-parent\" data-id=\"9cccd3f\" data-element_type=\"container\" data-e-type=\"container\">\n\t\t\t\t<div class=\"elementor-element elementor-element-2caddf8 elementor-widget elementor-widget-video\" data-id=\"2caddf8\" data-element_type=\"widget\" data-e-type=\"widget\" data-settings=\"{&quot;youtube_url&quot;:&quot;https:\\\/\\\/www.youtube.com\\\/watch?v=1fH3yRy1cpc&quot;,&quot;video_type&quot;:&quot;youtube&quot;,&quot;controls&quot;:&quot;yes&quot;}\" data-widget_type=\"video.default\">\n\t\t\t\t<div class=\"elementor-widget-container\">\n\t\t\t\t\t\t\t<div class=\"elementor-wrapper elementor-open-inline\">\n\t\t\t<div class=\"elementor-video\"><\/div>\t\t<\/div>\n\t\t\t\t\t\t<\/div>\n\t\t\t\t<\/div>\n\t\t\t\t<\/div>\n\t\t\t\t\t<\/div>\n\t\t\t\t<\/div>\n\t\t<div class=\"elementor-element elementor-element-9b852ff e-flex e-con-boxed e-con e-parent\" data-id=\"9b852ff\" data-element_type=\"container\" data-e-type=\"container\" data-settings=\"{&quot;background_background&quot;:&quot;classic&quot;}\">\n\t\t\t\t\t<div class=\"e-con-inner\">\n\t\t\t\t<div class=\"elementor-element elementor-element-b50cc84 elementor-widget__width-initial elementor-widget elementor-widget-text-editor\" data-id=\"b50cc84\" data-element_type=\"widget\" data-e-type=\"widget\" data-widget_type=\"text-editor.default\">\n\t\t\t\t<div class=\"elementor-widget-container\">\n\t\t\t\t\t\t\t\t\tWould you like to learn more?\n\nSchedule your visit!\n\t\t\t\t\t\t\t\t<\/div>\n\t\t\t\t<\/div>\n\t\t\t\t<div class=\"elementor-element elementor-element-41ccf2d elementor-widget elementor-widget-html\" data-id=\"41ccf2d\" data-element_type=\"widget\" data-e-type=\"widget\" data-widget_type=\"html.default\">\n\t\t\t\t<div class=\"elementor-widget-container\">\n\t\t\t\t\t<div class=\"_form_78\"><\/div><script src=\"https:\/\/corporativovega.activehosted.com\/f\/embed.php?id=78\" type=\"text\/javascript\" charset=\"utf-8\"><\/script>\t\t\t\t<\/div>\n\t\t\t\t<\/div>\n\t\t\t\t\t<\/div>\n\t\t\t\t<\/div>\n\t\t\t\t<\/div>","protected":false},"excerpt":{"rendered":"<p>TRIBANNA Tribanna va m\u00e1s all\u00e1 de ser un desarrollo residencial, representa una fusi\u00f3n de confort, lujo y seguridad en una ubicaci\u00f3n premium en constante crecimiento en M\u00e9rida. Desde su lema &#8220;El confort y exclusividad hecho realidad&#8221;, se compromete a brindar espacios \u00fanicos que se convierten en refugios \u00edntimos para familias, respaldados por una comunidad que [&hellip;]<\/p>","protected":false},"author":1,"featured_media":0,"parent":0,"menu_order":0,"comment_status":"closed","ping_status":"closed","template":"","meta":{"_acf_changed":false,"_eb_attr":"","content-type":"","_joinchat":[],"footnotes":""},"class_list":["post-3827","page","type-page","status-publish","hentry"],"acf":[],"_links":{"self":[{"href":"https:\/\/inmove.com.mx\/en\/wp-json\/wp\/v2\/pages\/3827","targetHints":{"allow":["GET"]}}],"collection":[{"href":"https:\/\/inmove.com.mx\/en\/wp-json\/wp\/v2\/pages"}],"about":[{"href":"https:\/\/inmove.com.mx\/en\/wp-json\/wp\/v2\/types\/page"}],"author":[{"embeddable":true,"href":"https:\/\/inmove.com.mx\/en\/wp-json\/wp\/v2\/users\/1"}],"replies":[{"embeddable":true,"href":"https:\/\/inmove.com.mx\/en\/wp-json\/wp\/v2\/comments?post=3827"}],"version-history":[{"count":17,"href":"https:\/\/inmove.com.mx\/en\/wp-json\/wp\/v2\/pages\/3827\/revisions"}],"predecessor-version":[{"id":4798,"href":"https:\/\/inmove.com.mx\/en\/wp-json\/wp\/v2\/pages\/3827\/revisions\/4798"}],"wp:attachment":[{"href":"https:\/\/inmove.com.mx\/en\/wp-json\/wp\/v2\/media?parent=3827"}],"curies":[{"name":"wp","href":"https:\/\/api.w.org\/{rel}","templated":true}]}}