{"id":3825,"date":"2023-08-11T17:08:08","date_gmt":"2023-08-11T17:08:08","guid":{"rendered":"https:\/\/inmove.com.mx\/?page_id=3825"},"modified":"2023-08-11T22:03:59","modified_gmt":"2023-08-11T22:03:59","slug":"albanna","status":"publish","type":"page","link":"https:\/\/inmove.com.mx\/en\/albanna\/","title":{"rendered":"Albanna"},"content":{"rendered":"<div data-elementor-type=\"wp-page\" data-elementor-id=\"3825\" class=\"elementor elementor-3825\" data-elementor-post-type=\"page\">\n\t\t\t\t<div class=\"elementor-element elementor-element-42b83ce animated-slow e-flex e-con-boxed elementor-invisible e-con e-parent\" data-id=\"42b83ce\" data-element_type=\"container\" data-e-type=\"container\" data-settings=\"{&quot;background_background&quot;:&quot;classic&quot;,&quot;animation&quot;:&quot;fadeIn&quot;}\">\n\t\t\t\t\t<div class=\"e-con-inner\">\n\t\t\t\t\t<\/div>\n\t\t\t\t<\/div>\n\t\t<div class=\"elementor-element elementor-element-7db1125 e-flex e-con-boxed e-con e-parent\" data-id=\"7db1125\" data-element_type=\"container\" data-e-type=\"container\" data-settings=\"{&quot;background_background&quot;:&quot;classic&quot;}\">\n\t\t\t\t\t<div class=\"e-con-inner\">\n\t\t<div class=\"elementor-element elementor-element-1db4370 e-con-full e-flex e-con e-parent\" data-id=\"1db4370\" data-element_type=\"container\" data-e-type=\"container\">\n\t\t\t\t<div class=\"elementor-element elementor-element-9dc0054 elementor-invisible elementor-widget elementor-widget-heading\" data-id=\"9dc0054\" data-element_type=\"widget\" data-e-type=\"widget\" data-settings=\"{&quot;_animation&quot;:&quot;fadeInUp&quot;}\" data-widget_type=\"heading.default\">\n\t\t\t\t<div class=\"elementor-widget-container\">\n\t\t\t\t\t<h2 class=\"elementor-heading-title elementor-size-default\">ALBANNA<\/h2>\t\t\t\t<\/div>\n\t\t\t\t<\/div>\n\t\t\t\t<div class=\"elementor-element elementor-element-fc26a48 elementor-invisible elementor-widget elementor-widget-text-editor\" data-id=\"fc26a48\" data-element_type=\"widget\" data-e-type=\"widget\" data-settings=\"{&quot;_animation&quot;:&quot;fadeIn&quot;}\" data-widget_type=\"text-editor.default\">\n\t\t\t\t<div class=\"elementor-widget-container\">\n\t\t\t\t\t\t\t\t\t<p><span style=\"font-weight: 400;\">Albanna, an exclusive community that offers an unparalleled experience of relaxation, meditation and wholeness, encapsulated in our motto \"Connect with your senses\". Albanna is a haven of natural harmony and sustainable design, where every corner is bathed in natural light, creating spaces that blend with the surrounding nature. Privacy reaches an unsurpassed level here, redefining the concept of exclusivity through cozy serenity. At the heart of Albanna is the Wellness Center, a space dedicated to your well-being where you can immerse yourself in yoga, meditation and activities that nurture your essence. This development is more than a property, it is an invitation to an extraordinary lifestyle in the north of Merida, where every day is a celebration of connection with yourself and the natural environment. Join Albanna and discover a life where relaxation and energy synchronize in perfect harmony, a personal paradise designed to revitalize your senses.<\/span><\/p>\t\t\t\t\t\t\t\t<\/div>\n\t\t\t\t<\/div>\n\t\t\t\t<div class=\"elementor-element elementor-element-4f8c0a5 elementor-align-center elementor-widget elementor-widget-button\" data-id=\"4f8c0a5\" data-element_type=\"widget\" data-e-type=\"widget\" data-widget_type=\"button.default\">\n\t\t\t\t<div class=\"elementor-widget-container\">\n\t\t\t\t\t\t\t\t\t<div class=\"elementor-button-wrapper\">\n\t\t\t\t\t<a class=\"elementor-button elementor-button-link elementor-size-sm elementor-animation-grow\" href=\"https:\/\/albanna.mx\/\" target=\"_blank\" rel=\"noopener\">\n\t\t\t\t\t\t<span class=\"elementor-button-content-wrapper\">\n\t\t\t\t\t\t\t\t\t<span class=\"elementor-button-text\">More information<\/span>\n\t\t\t\t\t<\/span>\n\t\t\t\t\t<\/a>\n\t\t\t\t<\/div>\n\t\t\t\t\t\t\t\t<\/div>\n\t\t\t\t<\/div>\n\t\t\t\t<\/div>\n\t\t<div class=\"elementor-element elementor-element-9cccd3f e-con-full e-flex e-con e-parent\" data-id=\"9cccd3f\" data-element_type=\"container\" data-e-type=\"container\">\n\t\t\t\t<div class=\"elementor-element elementor-element-3761fb2 elementor-invisible elementor-widget elementor-widget-image\" data-id=\"3761fb2\" data-element_type=\"widget\" data-e-type=\"widget\" data-settings=\"{&quot;_animation&quot;:&quot;fadeIn&quot;}\" data-widget_type=\"image.default\">\n\t\t\t\t<div class=\"elementor-widget-container\">\n\t\t\t\t\t\t\t\t\t\t\t\t\t\t\t<img decoding=\"async\" src=\"https:\/\/inmove.com.mx\/wp-content\/uploads\/elementor\/thumbs\/Logos_Albanna_D-qb21lzgt1romeu2v5oafawvbt0xwzvonhcf14s6lae.png\" title=\"Logos_Albanna_D\" alt=\"Logos_Albanna_D\" loading=\"lazy\" \/>\t\t\t\t\t\t\t\t\t\t\t\t\t\t\t<\/div>\n\t\t\t\t<\/div>\n\t\t\t\t<\/div>\n\t\t\t\t\t<\/div>\n\t\t\t\t<\/div>\n\t\t<div class=\"elementor-element elementor-element-72464f2 e-flex e-con-boxed e-con e-parent\" data-id=\"72464f2\" data-element_type=\"container\" data-e-type=\"container\" data-settings=\"{&quot;background_background&quot;:&quot;classic&quot;}\">\n\t\t\t\t\t<div class=\"e-con-inner\">\n\t\t\t\t<div class=\"elementor-element elementor-element-564e8a3 elementor-widget__width-initial elementor-widget elementor-widget-text-editor\" data-id=\"564e8a3\" data-element_type=\"widget\" data-e-type=\"widget\" data-widget_type=\"text-editor.default\">\n\t\t\t\t<div class=\"elementor-widget-container\">\n\t\t\t\t\t\t\t\t\tWould you like to learn more?\n\nSchedule your visit!\n\t\t\t\t\t\t\t\t<\/div>\n\t\t\t\t<\/div>\n\t\t\t\t<div class=\"elementor-element elementor-element-9247a36 elementor-widget elementor-widget-html\" data-id=\"9247a36\" data-element_type=\"widget\" data-e-type=\"widget\" data-widget_type=\"html.default\">\n\t\t\t\t<div class=\"elementor-widget-container\">\n\t\t\t\t\t<div class=\"_form_78\"><\/div><script src=\"https:\/\/corporativovega.activehosted.com\/f\/embed.php?id=78\" type=\"text\/javascript\" charset=\"utf-8\"><\/script>\t\t\t\t<\/div>\n\t\t\t\t<\/div>\n\t\t\t\t\t<\/div>\n\t\t\t\t<\/div>\n\t\t\t\t<\/div>","protected":false},"excerpt":{"rendered":"<p>ALBANNA Albanna, una comunidad exclusiva que ofrece una experiencia inigualable de relajaci\u00f3n, meditaci\u00f3n y plenitud, encapsulada en nuestro lema &#8220;Conecta con tus sentidos&#8221;. Albanna es un refugio de armon\u00eda natural y dise\u00f1o sostenible, donde cada rinc\u00f3n se ba\u00f1a en luz natural, creando espacios amplios que se entrelazan con la naturaleza circundante. La privacidad alcanza un [&hellip;]<\/p>","protected":false},"author":1,"featured_media":0,"parent":0,"menu_order":0,"comment_status":"closed","ping_status":"closed","template":"","meta":{"_acf_changed":false,"_eb_attr":"","content-type":"","_joinchat":[],"footnotes":""},"class_list":["post-3825","page","type-page","status-publish","hentry"],"acf":[],"_links":{"self":[{"href":"https:\/\/inmove.com.mx\/en\/wp-json\/wp\/v2\/pages\/3825","targetHints":{"allow":["GET"]}}],"collection":[{"href":"https:\/\/inmove.com.mx\/en\/wp-json\/wp\/v2\/pages"}],"about":[{"href":"https:\/\/inmove.com.mx\/en\/wp-json\/wp\/v2\/types\/page"}],"author":[{"embeddable":true,"href":"https:\/\/inmove.com.mx\/en\/wp-json\/wp\/v2\/users\/1"}],"replies":[{"embeddable":true,"href":"https:\/\/inmove.com.mx\/en\/wp-json\/wp\/v2\/comments?post=3825"}],"version-history":[{"count":17,"href":"https:\/\/inmove.com.mx\/en\/wp-json\/wp\/v2\/pages\/3825\/revisions"}],"predecessor-version":[{"id":4143,"href":"https:\/\/inmove.com.mx\/en\/wp-json\/wp\/v2\/pages\/3825\/revisions\/4143"}],"wp:attachment":[{"href":"https:\/\/inmove.com.mx\/en\/wp-json\/wp\/v2\/media?parent=3825"}],"curies":[{"name":"wp","href":"https:\/\/api.w.org\/{rel}","templated":true}]}}