{"id":3758,"date":"2023-08-11T07:08:56","date_gmt":"2023-08-11T07:08:56","guid":{"rendered":"https:\/\/inmove.com.mx\/?page_id=3758"},"modified":"2023-10-02T20:03:57","modified_gmt":"2023-10-02T20:03:57","slug":"praderas-del-mayab","status":"publish","type":"page","link":"https:\/\/inmove.com.mx\/en\/praderas-del-mayab\/","title":{"rendered":"Praderas del mayab"},"content":{"rendered":"<div data-elementor-type=\"wp-page\" data-elementor-id=\"3758\" class=\"elementor elementor-3758\" data-elementor-post-type=\"page\">\n\t\t\t\t<div class=\"elementor-element elementor-element-42b83ce animated-slow e-flex e-con-boxed elementor-invisible e-con e-parent\" data-id=\"42b83ce\" data-element_type=\"container\" data-e-type=\"container\" data-settings=\"{&quot;background_background&quot;:&quot;classic&quot;,&quot;animation&quot;:&quot;fadeIn&quot;}\">\n\t\t\t\t\t<div class=\"e-con-inner\">\n\t\t\t\t\t<\/div>\n\t\t\t\t<\/div>\n\t\t<div class=\"elementor-element elementor-element-7db1125 e-flex e-con-boxed e-con e-parent\" data-id=\"7db1125\" data-element_type=\"container\" data-e-type=\"container\" data-settings=\"{&quot;background_background&quot;:&quot;classic&quot;}\">\n\t\t\t\t\t<div class=\"e-con-inner\">\n\t\t<div class=\"elementor-element elementor-element-1db4370 e-con-full e-flex e-con e-parent\" data-id=\"1db4370\" data-element_type=\"container\" data-e-type=\"container\">\n\t\t\t\t<div class=\"elementor-element elementor-element-9dc0054 elementor-invisible elementor-widget elementor-widget-heading\" data-id=\"9dc0054\" data-element_type=\"widget\" data-e-type=\"widget\" data-settings=\"{&quot;_animation&quot;:&quot;fadeInUp&quot;}\" data-widget_type=\"heading.default\">\n\t\t\t\t<div class=\"elementor-widget-container\">\n\t\t\t\t\t<h2 class=\"elementor-heading-title elementor-size-default\">PRADERAS DEL MAYAB<\/h2>\t\t\t\t<\/div>\n\t\t\t\t<\/div>\n\t\t\t\t<div class=\"elementor-element elementor-element-fc26a48 elementor-invisible elementor-widget elementor-widget-text-editor\" data-id=\"fc26a48\" data-element_type=\"widget\" data-e-type=\"widget\" data-settings=\"{&quot;_animation&quot;:&quot;fadeIn&quot;}\" data-widget_type=\"text-editor.default\">\n\t\t\t\t<div class=\"elementor-widget-container\">\n\t\t\t\t\t\t\t\t\t<p><span style=\"font-weight: 400;\">Praderas del Mayab has a perfect balance of tranquility, status, prestige, lifestyle and minimalism. More than just a housing development, here we forge an exclusive lifestyle designed to meet the contemporary needs of families. The Clubhouse exemplifies functional minimalism in its architecture, integrating sports and family spaces to bring you unique experiences. With more than 200 families already established in this environment, \"Praderas del Mayab\" has proven to be a dream development, surrounded in the green fields and a prestigious environment. Located in the distinguished Diamond Zone north of Merida, this development offers underground services and quality amenities to guarantee your well-being and privacy. From a wide variety of residential lots to a full range of amenities such as sports courts, green areas and a semi-Olympic swimming pool, \"Praderas del Mayab\" is a place where dreams of an exclusive and pleasurable lifestyle become reality.<\/span><\/p>\t\t\t\t\t\t\t\t<\/div>\n\t\t\t\t<\/div>\n\t\t\t\t<div class=\"elementor-element elementor-element-47d3fdb elementor-align-center elementor-widget elementor-widget-button\" data-id=\"47d3fdb\" data-element_type=\"widget\" data-e-type=\"widget\" data-widget_type=\"button.default\">\n\t\t\t\t<div class=\"elementor-widget-container\">\n\t\t\t\t\t\t\t\t\t<div class=\"elementor-button-wrapper\">\n\t\t\t\t\t<a class=\"elementor-button elementor-button-link elementor-size-sm elementor-animation-grow\" href=\"https:\/\/praderasdelmayab.mx\/\" target=\"_blank\" rel=\"noopener\">\n\t\t\t\t\t\t<span class=\"elementor-button-content-wrapper\">\n\t\t\t\t\t\t\t\t\t<span class=\"elementor-button-text\">More information<\/span>\n\t\t\t\t\t<\/span>\n\t\t\t\t\t<\/a>\n\t\t\t\t<\/div>\n\t\t\t\t\t\t\t\t<\/div>\n\t\t\t\t<\/div>\n\t\t\t\t<\/div>\n\t\t<div class=\"elementor-element elementor-element-9cccd3f e-con-full e-flex e-con e-parent\" data-id=\"9cccd3f\" data-element_type=\"container\" data-e-type=\"container\">\n\t\t\t\t<div class=\"elementor-element elementor-element-1b97ffb elementor-widget elementor-widget-video\" data-id=\"1b97ffb\" data-element_type=\"widget\" data-e-type=\"widget\" data-settings=\"{&quot;youtube_url&quot;:&quot;https:\\\/\\\/www.youtube.com\\\/watch?v=W6DRYnDAR5U&quot;,&quot;video_type&quot;:&quot;youtube&quot;,&quot;controls&quot;:&quot;yes&quot;}\" data-widget_type=\"video.default\">\n\t\t\t\t<div class=\"elementor-widget-container\">\n\t\t\t\t\t\t\t<div class=\"elementor-wrapper elementor-open-inline\">\n\t\t\t<div class=\"elementor-video\"><\/div>\t\t<\/div>\n\t\t\t\t\t\t<\/div>\n\t\t\t\t<\/div>\n\t\t\t\t<\/div>\n\t\t\t\t\t<\/div>\n\t\t\t\t<\/div>\n\t\t<div class=\"elementor-element elementor-element-be75193 e-flex e-con-boxed e-con e-parent\" data-id=\"be75193\" data-element_type=\"container\" data-e-type=\"container\" data-settings=\"{&quot;background_background&quot;:&quot;classic&quot;}\">\n\t\t\t\t\t<div class=\"e-con-inner\">\n\t\t\t\t<div class=\"elementor-element elementor-element-fb5bee6 elementor-widget__width-initial elementor-widget elementor-widget-text-editor\" data-id=\"fb5bee6\" data-element_type=\"widget\" data-e-type=\"widget\" data-widget_type=\"text-editor.default\">\n\t\t\t\t<div class=\"elementor-widget-container\">\n\t\t\t\t\t\t\t\t\tWould you like to learn more?\n\nSchedule your visit!\n\t\t\t\t\t\t\t\t<\/div>\n\t\t\t\t<\/div>\n\t\t\t\t<div class=\"elementor-element elementor-element-48133a1 elementor-widget elementor-widget-html\" data-id=\"48133a1\" data-element_type=\"widget\" data-e-type=\"widget\" data-widget_type=\"html.default\">\n\t\t\t\t<div class=\"elementor-widget-container\">\n\t\t\t\t\t<div class=\"_form_78\"><\/div><script src=\"https:\/\/corporativovega.activehosted.com\/f\/embed.php?id=78\" type=\"text\/javascript\" charset=\"utf-8\"><\/script>\t\t\t\t<\/div>\n\t\t\t\t<\/div>\n\t\t\t\t\t<\/div>\n\t\t\t\t<\/div>\n\t\t\t\t<\/div>","protected":false},"excerpt":{"rendered":"<p>PRADERAS DEL MAYAB Praderas del Mayab tiene un equilibrio perfecto entre tranquilidad, estatus, prestigio, estilo de vida y minimalismo. M\u00e1s que un desarrollo habitacional, aqu\u00ed se forja un estilo de vida exclusivo dise\u00f1ado para satisfacer las necesidades contempor\u00e1neas de las familias. La Casa Club ejemplifica el minimalismo funcional en su arquitectura, integrando espacios deportivos y [&hellip;]<\/p>","protected":false},"author":1,"featured_media":0,"parent":0,"menu_order":0,"comment_status":"closed","ping_status":"closed","template":"","meta":{"_acf_changed":false,"_eb_attr":"","content-type":"","_joinchat":[],"footnotes":""},"class_list":["post-3758","page","type-page","status-publish","hentry"],"acf":[],"_links":{"self":[{"href":"https:\/\/inmove.com.mx\/en\/wp-json\/wp\/v2\/pages\/3758","targetHints":{"allow":["GET"]}}],"collection":[{"href":"https:\/\/inmove.com.mx\/en\/wp-json\/wp\/v2\/pages"}],"about":[{"href":"https:\/\/inmove.com.mx\/en\/wp-json\/wp\/v2\/types\/page"}],"author":[{"embeddable":true,"href":"https:\/\/inmove.com.mx\/en\/wp-json\/wp\/v2\/users\/1"}],"replies":[{"embeddable":true,"href":"https:\/\/inmove.com.mx\/en\/wp-json\/wp\/v2\/comments?post=3758"}],"version-history":[{"count":32,"href":"https:\/\/inmove.com.mx\/en\/wp-json\/wp\/v2\/pages\/3758\/revisions"}],"predecessor-version":[{"id":4801,"href":"https:\/\/inmove.com.mx\/en\/wp-json\/wp\/v2\/pages\/3758\/revisions\/4801"}],"wp:attachment":[{"href":"https:\/\/inmove.com.mx\/en\/wp-json\/wp\/v2\/media?parent=3758"}],"curies":[{"name":"wp","href":"https:\/\/api.w.org\/{rel}","templated":true}]}}