{"id":1797,"date":"2023-03-16T16:24:50","date_gmt":"2023-03-16T16:24:50","guid":{"rendered":"https:\/\/inmove.com.mx\/?page_id=1797"},"modified":"2024-08-10T00:01:53","modified_gmt":"2024-08-10T00:01:53","slug":"inmove-constructores","status":"publish","type":"page","link":"https:\/\/inmove.com.mx\/en\/inmove-constructores\/","title":{"rendered":"INMOVE Constructores"},"content":{"rendered":"<div data-elementor-type=\"wp-page\" data-elementor-id=\"1797\" class=\"elementor elementor-1797\" data-elementor-post-type=\"page\">\n\t\t\t\t<div class=\"elementor-element elementor-element-71750c4 e-flex e-con-boxed e-con e-parent\" data-id=\"71750c4\" data-element_type=\"container\" data-e-type=\"container\" data-settings=\"{&quot;background_background&quot;:&quot;classic&quot;,&quot;background_motion_fx_motion_fx_scrolling&quot;:&quot;yes&quot;,&quot;background_motion_fx_translateY_effect&quot;:&quot;yes&quot;,&quot;background_motion_fx_translateY_speed&quot;:{&quot;unit&quot;:&quot;px&quot;,&quot;size&quot;:4,&quot;sizes&quot;:[]},&quot;background_motion_fx_translateY_affectedRange&quot;:{&quot;unit&quot;:&quot;%&quot;,&quot;size&quot;:&quot;&quot;,&quot;sizes&quot;:{&quot;start&quot;:0,&quot;end&quot;:100}},&quot;background_motion_fx_devices&quot;:[&quot;desktop&quot;,&quot;laptop&quot;,&quot;tablet&quot;,&quot;mobile&quot;]}\">\n\t\t\t\t\t<div class=\"e-con-inner\">\n\t\t\t\t<div class=\"elementor-element elementor-element-b2e9244 elementor-widget elementor-widget-image\" data-id=\"b2e9244\" data-element_type=\"widget\" data-e-type=\"widget\" data-widget_type=\"image.default\">\n\t\t\t\t<div class=\"elementor-widget-container\">\n\t\t\t\t\t\t\t\t\t\t\t\t\t\t\t<img fetchpriority=\"high\" decoding=\"async\" width=\"800\" height=\"366\" src=\"https:\/\/inmove.com.mx\/wp-content\/uploads\/2024\/05\/logo-contrusctores-blanco-e1715380609785-1024x469.png\" class=\"attachment-large size-large wp-image-5727\" alt=\"\" srcset=\"https:\/\/inmove.com.mx\/wp-content\/uploads\/2024\/05\/logo-contrusctores-blanco-e1715380609785-1024x469.png 1024w, https:\/\/inmove.com.mx\/wp-content\/uploads\/2024\/05\/logo-contrusctores-blanco-e1715380609785-300x137.png 300w, https:\/\/inmove.com.mx\/wp-content\/uploads\/2024\/05\/logo-contrusctores-blanco-e1715380609785-768x352.png 768w, https:\/\/inmove.com.mx\/wp-content\/uploads\/2024\/05\/logo-contrusctores-blanco-e1715380609785-1536x704.png 1536w, https:\/\/inmove.com.mx\/wp-content\/uploads\/2024\/05\/logo-contrusctores-blanco-e1715380609785-18x8.png 18w, https:\/\/inmove.com.mx\/wp-content\/uploads\/2024\/05\/logo-contrusctores-blanco-e1715380609785.png 1700w\" sizes=\"(max-width: 800px) 100vw, 800px\" \/>\t\t\t\t\t\t\t\t\t\t\t\t\t\t\t<\/div>\n\t\t\t\t<\/div>\n\t\t\t\t\t<\/div>\n\t\t\t\t<\/div>\n\t\t<div class=\"elementor-element elementor-element-b55b617 e-flex e-con-boxed e-con e-parent\" data-id=\"b55b617\" data-element_type=\"container\" data-e-type=\"container\" data-settings=\"{&quot;background_background&quot;:&quot;classic&quot;}\">\n\t\t\t\t\t<div class=\"e-con-inner\">\n\t\t\t\t<div class=\"elementor-element elementor-element-0bbd10f elementor-widget elementor-widget-image\" data-id=\"0bbd10f\" data-element_type=\"widget\" data-e-type=\"widget\" data-widget_type=\"image.default\">\n\t\t\t\t<div class=\"elementor-widget-container\">\n\t\t\t\t\t\t\t\t\t\t\t\t\t\t\t<img decoding=\"async\" width=\"512\" height=\"512\" src=\"https:\/\/inmove.com.mx\/wp-content\/uploads\/2022\/10\/cropped-ICONO.png\" class=\"attachment-large size-large wp-image-460\" alt=\"\" srcset=\"https:\/\/inmove.com.mx\/wp-content\/uploads\/2022\/10\/cropped-ICONO.png 512w, https:\/\/inmove.com.mx\/wp-content\/uploads\/2022\/10\/cropped-ICONO-300x300.png 300w, https:\/\/inmove.com.mx\/wp-content\/uploads\/2022\/10\/cropped-ICONO-150x150.png 150w\" sizes=\"(max-width: 512px) 100vw, 512px\" \/>\t\t\t\t\t\t\t\t\t\t\t\t\t\t\t<\/div>\n\t\t\t\t<\/div>\n\t\t\t\t<div class=\"elementor-element elementor-element-3134eaa elementor-widget elementor-widget-text-editor\" data-id=\"3134eaa\" data-element_type=\"widget\" data-e-type=\"widget\" data-widget_type=\"text-editor.default\">\n\t\t\t\t<div class=\"elementor-widget-container\">\n\t\t\t\t\t\t\t\t\t<p>El sector inmobiliario en M\u00e9rida, Yucat\u00e1n, actualmente ha creado un impacto en la industria, por ser un mercado estable, s\u00f3lido y en crecimiento.<\/p>\t\t\t\t\t\t\t\t<\/div>\n\t\t\t\t<\/div>\n\t\t\t\t\t<\/div>\n\t\t\t\t<\/div>\n\t\t<div class=\"elementor-element elementor-element-af9cf31 e-flex e-con-boxed e-con e-parent\" data-id=\"af9cf31\" data-element_type=\"container\" data-e-type=\"container\" data-settings=\"{&quot;background_background&quot;:&quot;classic&quot;}\">\n\t\t\t\t\t<div class=\"e-con-inner\">\n\t\t\t\t<div class=\"elementor-element elementor-element-fe75688 elementor-widget elementor-widget-heading\" data-id=\"fe75688\" data-element_type=\"widget\" data-e-type=\"widget\" data-settings=\"{&quot;motion_fx_motion_fx_scrolling&quot;:&quot;yes&quot;,&quot;motion_fx_translateX_effect&quot;:&quot;yes&quot;,&quot;motion_fx_translateX_direction&quot;:&quot;negative&quot;,&quot;motion_fx_translateX_speed&quot;:{&quot;unit&quot;:&quot;px&quot;,&quot;size&quot;:4,&quot;sizes&quot;:[]},&quot;motion_fx_translateX_affectedRange&quot;:{&quot;unit&quot;:&quot;%&quot;,&quot;size&quot;:&quot;&quot;,&quot;sizes&quot;:{&quot;start&quot;:0,&quot;end&quot;:100}},&quot;motion_fx_devices&quot;:[&quot;desktop&quot;,&quot;laptop&quot;,&quot;tablet&quot;,&quot;mobile&quot;]}\" data-widget_type=\"heading.default\">\n\t\t\t\t<div class=\"elementor-widget-container\">\n\t\t\t\t\t<h2 class=\"elementor-heading-title elementor-size-default\">AS\u00d3CIATE AL MEJOR PLAN PARA CONSTRUIR<\/h2>\t\t\t\t<\/div>\n\t\t\t\t<\/div>\n\t\t\t\t<div class=\"elementor-element elementor-element-537a395 elementor-widget-divider--view-line elementor-widget elementor-widget-divider\" data-id=\"537a395\" data-element_type=\"widget\" data-e-type=\"widget\" data-widget_type=\"divider.default\">\n\t\t\t\t<div class=\"elementor-widget-container\">\n\t\t\t\t\t\t\t<div class=\"elementor-divider\">\n\t\t\t<span class=\"elementor-divider-separator\">\n\t\t\t\t\t\t<\/span>\n\t\t<\/div>\n\t\t\t\t\t\t<\/div>\n\t\t\t\t<\/div>\n\t\t\t\t<div class=\"elementor-element elementor-element-68cedfb elementor-widget elementor-widget-text-editor\" data-id=\"68cedfb\" data-element_type=\"widget\" data-e-type=\"widget\" data-widget_type=\"text-editor.default\">\n\t\t\t\t<div class=\"elementor-widget-container\">\n\t\t\t\t\t\t\t\t\t<p>Con nuestro Plan Constructor, te ofrecemos la mejor estrategia y acceder a un programa exclusivo que te permita hacer m\u00e1s negocio de la mano de nuestra desarrolladora.<\/p>\t\t\t\t\t\t\t\t<\/div>\n\t\t\t\t<\/div>\n\t\t<div class=\"elementor-element elementor-element-820a609 e-flex e-con-boxed e-con e-child\" data-id=\"820a609\" data-element_type=\"container\" data-e-type=\"container\">\n\t\t\t\t\t<div class=\"e-con-inner\">\n\t\t\t\t<div class=\"elementor-element elementor-element-cb08bc7 elementor-position-top elementor-invisible elementor-widget elementor-widget-image-box\" data-id=\"cb08bc7\" data-element_type=\"widget\" data-e-type=\"widget\" data-settings=\"{&quot;_animation&quot;:&quot;zoomIn&quot;}\" data-widget_type=\"image-box.default\">\n\t\t\t\t<div class=\"elementor-widget-container\">\n\t\t\t\t\t<div class=\"elementor-image-box-wrapper\"><figure class=\"elementor-image-box-img\"><img decoding=\"async\" width=\"185\" height=\"153\" src=\"https:\/\/inmove.com.mx\/wp-content\/uploads\/2023\/03\/black_programa.png\" class=\"attachment-full size-full wp-image-1839\" alt=\"\" \/><\/figure><div class=\"elementor-image-box-content\"><p class=\"elementor-image-box-description\">Programa <br>\nExclusivo<\/p><\/div><\/div>\t\t\t\t<\/div>\n\t\t\t\t<\/div>\n\t\t\t\t<div class=\"elementor-element elementor-element-0f432df elementor-position-top elementor-invisible elementor-widget elementor-widget-image-box\" data-id=\"0f432df\" data-element_type=\"widget\" data-e-type=\"widget\" data-settings=\"{&quot;_animation&quot;:&quot;zoomIn&quot;}\" data-widget_type=\"image-box.default\">\n\t\t\t\t<div class=\"elementor-widget-container\">\n\t\t\t\t\t<div class=\"elementor-image-box-wrapper\"><figure class=\"elementor-image-box-img\"><img loading=\"lazy\" decoding=\"async\" width=\"166\" height=\"139\" src=\"https:\/\/inmove.com.mx\/wp-content\/uploads\/2023\/03\/black_garantia.png\" class=\"attachment-full size-full wp-image-1840\" alt=\"\" \/><\/figure><div class=\"elementor-image-box-content\"><p class=\"elementor-image-box-description\">Dep\u00f3sito\n <br>\nen Garant\u00eda<\/p><\/div><\/div>\t\t\t\t<\/div>\n\t\t\t\t<\/div>\n\t\t\t\t\t<\/div>\n\t\t\t\t<\/div>\n\t\t\t\t<div class=\"elementor-element elementor-element-ddf04f0 elementor-widget elementor-widget-text-editor\" data-id=\"ddf04f0\" data-element_type=\"widget\" data-e-type=\"widget\" data-widget_type=\"text-editor.default\">\n\t\t\t\t<div class=\"elementor-widget-container\">\n\t\t\t\t\t\t\t\t\t<p>CONOCE NUESTRO PROGRAMA DE FIDELIDAD<\/p>\t\t\t\t\t\t\t\t<\/div>\n\t\t\t\t<\/div>\n\t\t\t\t<div class=\"elementor-element elementor-element-166a906 elementor-widget elementor-widget-image\" data-id=\"166a906\" data-element_type=\"widget\" data-e-type=\"widget\" data-widget_type=\"image.default\">\n\t\t\t\t<div class=\"elementor-widget-container\">\n\t\t\t\t\t\t\t\t\t\t\t\t\t\t\t\t<a href=\"https:\/\/inmove.com.mx\/en\/inmove-black-2\/\" target=\"_blank\">\n\t\t\t\t\t\t\t<img loading=\"lazy\" decoding=\"async\" width=\"768\" height=\"352\" src=\"https:\/\/inmove.com.mx\/wp-content\/uploads\/2024\/05\/logo-contrusctores-blanco-e1715380609785-768x352.png\" class=\"attachment-medium_large size-medium_large wp-image-5727\" alt=\"\" srcset=\"https:\/\/inmove.com.mx\/wp-content\/uploads\/2024\/05\/logo-contrusctores-blanco-e1715380609785-768x352.png 768w, https:\/\/inmove.com.mx\/wp-content\/uploads\/2024\/05\/logo-contrusctores-blanco-e1715380609785-300x137.png 300w, https:\/\/inmove.com.mx\/wp-content\/uploads\/2024\/05\/logo-contrusctores-blanco-e1715380609785-1024x469.png 1024w, https:\/\/inmove.com.mx\/wp-content\/uploads\/2024\/05\/logo-contrusctores-blanco-e1715380609785-1536x704.png 1536w, https:\/\/inmove.com.mx\/wp-content\/uploads\/2024\/05\/logo-contrusctores-blanco-e1715380609785-18x8.png 18w, https:\/\/inmove.com.mx\/wp-content\/uploads\/2024\/05\/logo-contrusctores-blanco-e1715380609785.png 1700w\" sizes=\"(max-width: 768px) 100vw, 768px\" \/>\t\t\t\t\t\t\t\t<\/a>\n\t\t\t\t\t\t\t\t\t\t\t\t\t\t\t<\/div>\n\t\t\t\t<\/div>\n\t\t\t\t<div class=\"elementor-element elementor-element-f6d381e elementor-widget elementor-widget-heading\" data-id=\"f6d381e\" data-element_type=\"widget\" data-e-type=\"widget\" data-widget_type=\"heading.default\">\n\t\t\t\t<div class=\"elementor-widget-container\">\n\t\t\t\t\t<h2 class=\"elementor-heading-title elementor-size-default\">DESARROLLOS<\/h2>\t\t\t\t<\/div>\n\t\t\t\t<\/div>\n\t\t\t\t\t<\/div>\n\t\t\t\t<\/div>\n\t\t<div class=\"elementor-element elementor-element-ba57414 e-flex e-con-boxed e-con e-parent\" data-id=\"ba57414\" data-element_type=\"container\" data-e-type=\"container\">\n\t\t\t\t\t<div class=\"e-con-inner\">\n\t\t<div class=\"elementor-element elementor-element-e84624e e-con-full e-flex e-con e-child\" data-id=\"e84624e\" data-element_type=\"container\" data-e-type=\"container\">\n\t\t\t\t<div class=\"elementor-element elementor-element-e10b4f1 elementor-widget elementor-widget-heading\" data-id=\"e10b4f1\" data-element_type=\"widget\" data-e-type=\"widget\" data-widget_type=\"heading.default\">\n\t\t\t\t<div class=\"elementor-widget-container\">\n\t\t\t\t\t<h2 class=\"elementor-heading-title elementor-size-default\">CONOCE NUESTRO PLAN CONSTRUCTOR Y SUS BENEFICIOS.<\/h2>\t\t\t\t<\/div>\n\t\t\t\t<\/div>\n\t\t\t\t<div class=\"elementor-element elementor-element-aa802c9 elementor-widget elementor-widget-image\" data-id=\"aa802c9\" data-element_type=\"widget\" data-e-type=\"widget\" data-widget_type=\"image.default\">\n\t\t\t\t<div class=\"elementor-widget-container\">\n\t\t\t\t\t\t\t\t\t\t\t\t\t\t\t\t<a href=\"#contacto\" target=\"_blank\">\n\t\t\t\t\t\t\t<img loading=\"lazy\" decoding=\"async\" width=\"646\" height=\"79\" src=\"https:\/\/inmove.com.mx\/wp-content\/uploads\/2023\/03\/black_boton_informacion.png\" class=\"elementor-animation-grow attachment-large size-large wp-image-1847\" alt=\"\" srcset=\"https:\/\/inmove.com.mx\/wp-content\/uploads\/2023\/03\/black_boton_informacion.png 646w, https:\/\/inmove.com.mx\/wp-content\/uploads\/2023\/03\/black_boton_informacion-300x37.png 300w\" sizes=\"(max-width: 646px) 100vw, 646px\" \/>\t\t\t\t\t\t\t\t<\/a>\n\t\t\t\t\t\t\t\t\t\t\t\t\t\t\t<\/div>\n\t\t\t\t<\/div>\n\t\t\t\t<\/div>\n\t\t<div class=\"elementor-element elementor-element-c1ae8b2 e-con-full e-flex e-con e-child\" data-id=\"c1ae8b2\" data-element_type=\"container\" data-e-type=\"container\">\n\t\t\t\t<div class=\"elementor-element elementor-element-09a6641 elementor-widget elementor-widget-image\" data-id=\"09a6641\" data-element_type=\"widget\" data-e-type=\"widget\" data-widget_type=\"image.default\">\n\t\t\t\t<div class=\"elementor-widget-container\">\n\t\t\t\t\t\t\t\t\t\t\t\t\t\t\t<img loading=\"lazy\" decoding=\"async\" width=\"800\" height=\"60\" src=\"https:\/\/inmove.com.mx\/wp-content\/uploads\/2023\/03\/black_deposito.png\" class=\"attachment-large size-large wp-image-1852\" alt=\"\" srcset=\"https:\/\/inmove.com.mx\/wp-content\/uploads\/2023\/03\/black_deposito.png 884w, https:\/\/inmove.com.mx\/wp-content\/uploads\/2023\/03\/black_deposito-300x22.png 300w, https:\/\/inmove.com.mx\/wp-content\/uploads\/2023\/03\/black_deposito-768x57.png 768w\" sizes=\"(max-width: 800px) 100vw, 800px\" \/>\t\t\t\t\t\t\t\t\t\t\t\t\t\t\t<\/div>\n\t\t\t\t<\/div>\n\t\t\t\t<div class=\"elementor-element elementor-element-7395232 elementor-widget elementor-widget-image\" data-id=\"7395232\" data-element_type=\"widget\" data-e-type=\"widget\" data-widget_type=\"image.default\">\n\t\t\t\t<div class=\"elementor-widget-container\">\n\t\t\t\t\t\t\t\t\t\t\t\t\t\t\t<img loading=\"lazy\" decoding=\"async\" width=\"800\" height=\"60\" src=\"https:\/\/inmove.com.mx\/wp-content\/uploads\/2023\/03\/black_sin_incrementos.png\" class=\"attachment-large size-large wp-image-1853\" alt=\"\" srcset=\"https:\/\/inmove.com.mx\/wp-content\/uploads\/2023\/03\/black_sin_incrementos.png 884w, https:\/\/inmove.com.mx\/wp-content\/uploads\/2023\/03\/black_sin_incrementos-300x22.png 300w, https:\/\/inmove.com.mx\/wp-content\/uploads\/2023\/03\/black_sin_incrementos-768x57.png 768w\" sizes=\"(max-width: 800px) 100vw, 800px\" \/>\t\t\t\t\t\t\t\t\t\t\t\t\t\t\t<\/div>\n\t\t\t\t<\/div>\n\t\t\t\t<\/div>\n\t\t\t\t\t<\/div>\n\t\t\t\t<\/div>\n\t\t<div class=\"elementor-element elementor-element-e6e146c e-con-full e-flex e-con e-parent\" data-id=\"e6e146c\" data-element_type=\"container\" data-e-type=\"container\" data-settings=\"{&quot;background_background&quot;:&quot;classic&quot;}\">\n\t\t<div class=\"elementor-element elementor-element-3f4df75 e-con-full e-flex e-con e-child\" data-id=\"3f4df75\" data-element_type=\"container\" data-e-type=\"container\" data-settings=\"{&quot;background_background&quot;:&quot;classic&quot;}\">\n\t\t\t\t<\/div>\n\t\t<div class=\"elementor-element elementor-element-4ef3612 e-con-full e-flex e-con e-child\" data-id=\"4ef3612\" data-element_type=\"container\" data-e-type=\"container\" data-settings=\"{&quot;background_background&quot;:&quot;classic&quot;}\">\n\t\t\t\t<div class=\"elementor-element elementor-element-59e574e elementor-widget elementor-widget-heading\" data-id=\"59e574e\" data-element_type=\"widget\" data-e-type=\"widget\" data-settings=\"{&quot;motion_fx_motion_fx_scrolling&quot;:&quot;yes&quot;,&quot;motion_fx_translateX_effect&quot;:&quot;yes&quot;,&quot;motion_fx_translateX_direction&quot;:&quot;negative&quot;,&quot;motion_fx_devices&quot;:[&quot;desktop&quot;],&quot;motion_fx_translateX_speed&quot;:{&quot;unit&quot;:&quot;px&quot;,&quot;size&quot;:4,&quot;sizes&quot;:[]},&quot;motion_fx_translateX_affectedRange&quot;:{&quot;unit&quot;:&quot;%&quot;,&quot;size&quot;:&quot;&quot;,&quot;sizes&quot;:{&quot;start&quot;:0,&quot;end&quot;:100}}}\" data-widget_type=\"heading.default\">\n\t\t\t\t<div class=\"elementor-widget-container\">\n\t\t\t\t\t<h2 class=\"elementor-heading-title elementor-size-default\">NOSOTROS TE DAMOS EL TERRENO EL RESTO LO TRABAJAS T\u00da.<\/h2>\t\t\t\t<\/div>\n\t\t\t\t<\/div>\n\t\t\t\t<div class=\"elementor-element elementor-element-ad241d0 elementor-widget elementor-widget-image\" data-id=\"ad241d0\" data-element_type=\"widget\" data-e-type=\"widget\" data-widget_type=\"image.default\">\n\t\t\t\t<div class=\"elementor-widget-container\">\n\t\t\t\t\t\t\t\t\t\t\t\t\t\t\t\t<a href=\"#contacto\" target=\"_blank\">\n\t\t\t\t\t\t\t<img loading=\"lazy\" decoding=\"async\" width=\"646\" height=\"79\" src=\"https:\/\/inmove.com.mx\/wp-content\/uploads\/2023\/03\/black_boton_informacion.png\" class=\"elementor-animation-grow attachment-large size-large wp-image-1847\" alt=\"\" srcset=\"https:\/\/inmove.com.mx\/wp-content\/uploads\/2023\/03\/black_boton_informacion.png 646w, https:\/\/inmove.com.mx\/wp-content\/uploads\/2023\/03\/black_boton_informacion-300x37.png 300w\" sizes=\"(max-width: 646px) 100vw, 646px\" \/>\t\t\t\t\t\t\t\t<\/a>\n\t\t\t\t\t\t\t\t\t\t\t\t\t\t\t<\/div>\n\t\t\t\t<\/div>\n\t\t\t\t<\/div>\n\t\t\t\t<\/div>\n\t\t<div class=\"elementor-element elementor-element-5da2d77 e-flex e-con-boxed elementor-invisible e-con e-parent\" data-id=\"5da2d77\" data-element_type=\"container\" data-e-type=\"container\" id=\"contacto\" data-settings=\"{&quot;background_background&quot;:&quot;classic&quot;,&quot;animation&quot;:&quot;fadeIn&quot;}\">\n\t\t\t\t\t<div class=\"e-con-inner\">\n\t\t<div class=\"elementor-element elementor-element-0c29a29 e-con-full e-flex e-con e-child\" data-id=\"0c29a29\" data-element_type=\"container\" data-e-type=\"container\">\n\t\t\t\t<\/div>\n\t\t<div class=\"elementor-element elementor-element-b1f523c e-con-full e-flex e-con e-child\" data-id=\"b1f523c\" data-element_type=\"container\" data-e-type=\"container\">\n\t\t\t\t<div class=\"elementor-element elementor-element-7fa08fe elementor-widget elementor-widget-heading\" data-id=\"7fa08fe\" data-element_type=\"widget\" data-e-type=\"widget\" data-widget_type=\"heading.default\">\n\t\t\t\t<div class=\"elementor-widget-container\">\n\t\t\t\t\t<h2 class=\"elementor-heading-title elementor-size-default\">Get in touch!<\/h2>\t\t\t\t<\/div>\n\t\t\t\t<\/div>\n\t\t\t\t<div class=\"elementor-element elementor-element-2449e91 elementor-widget__width-inherit elementor-widget elementor-widget-shortcode\" data-id=\"2449e91\" data-element_type=\"widget\" data-e-type=\"widget\" data-widget_type=\"shortcode.default\">\n\t\t\t\t<div class=\"elementor-widget-container\">\n\t\t\t\t\t\t\t<div class=\"elementor-shortcode\"><div class='_form_39'><\/div><script type='text\/javascript' src='https:\/\/corporativovega176597.activehosted.com\/f\/embed.php?static=0&id=39&69F1E876E2CE7&nostyles=0&preview=0'><\/script><\/div>\n\t\t\t\t\t\t<\/div>\n\t\t\t\t<\/div>\n\t\t\t\t<\/div>\n\t\t<div class=\"elementor-element elementor-element-fa00730 e-con-full e-flex e-con e-child\" data-id=\"fa00730\" data-element_type=\"container\" data-e-type=\"container\">\n\t\t\t\t<\/div>\n\t\t\t\t\t<\/div>\n\t\t\t\t<\/div>\n\t\t\t\t<\/div>","protected":false},"excerpt":{"rendered":"<p>El sector inmobiliario en M\u00e9rida, Yucat\u00e1n, actualmente ha creado un impacto en la industria, por ser un mercado estable, s\u00f3lido y en crecimiento. AS\u00d3CIATE AL MEJOR PLAN PARA CONSTRUIR Con nuestro Plan Constructor, te ofrecemos la mejor estrategia y acceder a un programa exclusivo que te permita hacer m\u00e1s negocio de la mano de nuestra [&hellip;]<\/p>","protected":false},"author":1,"featured_media":1603,"parent":0,"menu_order":0,"comment_status":"closed","ping_status":"closed","template":"","meta":{"_acf_changed":false,"_eb_attr":"","content-type":"","_joinchat":[],"footnotes":""},"class_list":["post-1797","page","type-page","status-publish","has-post-thumbnail","hentry"],"acf":[],"_links":{"self":[{"href":"https:\/\/inmove.com.mx\/en\/wp-json\/wp\/v2\/pages\/1797","targetHints":{"allow":["GET"]}}],"collection":[{"href":"https:\/\/inmove.com.mx\/en\/wp-json\/wp\/v2\/pages"}],"about":[{"href":"https:\/\/inmove.com.mx\/en\/wp-json\/wp\/v2\/types\/page"}],"author":[{"embeddable":true,"href":"https:\/\/inmove.com.mx\/en\/wp-json\/wp\/v2\/users\/1"}],"replies":[{"embeddable":true,"href":"https:\/\/inmove.com.mx\/en\/wp-json\/wp\/v2\/comments?post=1797"}],"version-history":[{"count":80,"href":"https:\/\/inmove.com.mx\/en\/wp-json\/wp\/v2\/pages\/1797\/revisions"}],"predecessor-version":[{"id":6724,"href":"https:\/\/inmove.com.mx\/en\/wp-json\/wp\/v2\/pages\/1797\/revisions\/6724"}],"wp:featuredmedia":[{"embeddable":true,"href":"https:\/\/inmove.com.mx\/en\/wp-json\/wp\/v2\/media\/1603"}],"wp:attachment":[{"href":"https:\/\/inmove.com.mx\/en\/wp-json\/wp\/v2\/media?parent=1797"}],"curies":[{"name":"wp","href":"https:\/\/api.w.org\/{rel}","templated":true}]}}