{"id":1680,"date":"2023-03-07T23:10:01","date_gmt":"2023-03-07T23:10:01","guid":{"rendered":"https:\/\/inmove.com.mx\/?page_id=1680"},"modified":"2024-08-09T23:59:59","modified_gmt":"2024-08-09T23:59:59","slug":"inmove-red","status":"publish","type":"page","link":"https:\/\/inmove.com.mx\/en\/inmove-red\/","title":{"rendered":"INMOVE RED"},"content":{"rendered":"<div data-elementor-type=\"wp-page\" data-elementor-id=\"1680\" class=\"elementor elementor-1680\" data-elementor-post-type=\"page\">\n\t\t\t\t<div class=\"elementor-element elementor-element-c12d0a3 e-con-full e-flex e-con e-parent\" data-id=\"c12d0a3\" data-element_type=\"container\" data-e-type=\"container\" data-settings=\"{&quot;background_background&quot;:&quot;classic&quot;}\">\n\t\t\t\t<div class=\"elementor-element elementor-element-844376e elementor-widget elementor-widget-image\" data-id=\"844376e\" data-element_type=\"widget\" data-e-type=\"widget\" data-widget_type=\"image.default\">\n\t\t\t\t<div class=\"elementor-widget-container\">\n\t\t\t\t\t\t\t\t\t\t\t\t\t\t\t<img fetchpriority=\"high\" decoding=\"async\" width=\"2251\" height=\"485\" src=\"https:\/\/inmove.com.mx\/wp-content\/uploads\/2024\/05\/inmove-red.jpg\" class=\"attachment-full size-full wp-image-5801\" alt=\"\" srcset=\"https:\/\/inmove.com.mx\/wp-content\/uploads\/2024\/05\/inmove-red.jpg 2251w, https:\/\/inmove.com.mx\/wp-content\/uploads\/2024\/05\/inmove-red-300x65.jpg 300w, https:\/\/inmove.com.mx\/wp-content\/uploads\/2024\/05\/inmove-red-1024x221.jpg 1024w, https:\/\/inmove.com.mx\/wp-content\/uploads\/2024\/05\/inmove-red-768x165.jpg 768w, https:\/\/inmove.com.mx\/wp-content\/uploads\/2024\/05\/inmove-red-1536x331.jpg 1536w, https:\/\/inmove.com.mx\/wp-content\/uploads\/2024\/05\/inmove-red-2048x441.jpg 2048w, https:\/\/inmove.com.mx\/wp-content\/uploads\/2024\/05\/inmove-red-18x4.jpg 18w\" sizes=\"(max-width: 2251px) 100vw, 2251px\" \/>\t\t\t\t\t\t\t\t\t\t\t\t\t\t\t<\/div>\n\t\t\t\t<\/div>\n\t\t\t\t<\/div>\n\t\t<div class=\"elementor-element elementor-element-5a3fee3 e-con-full e-flex e-con e-parent\" data-id=\"5a3fee3\" data-element_type=\"container\" data-e-type=\"container\">\n\t\t<div class=\"elementor-element elementor-element-c6f60c0 e-con-full e-flex e-con e-child\" data-id=\"c6f60c0\" data-element_type=\"container\" data-e-type=\"container\">\n\t\t\t\t<div class=\"elementor-element elementor-element-6760bf7 elementor-widget elementor-widget-text-editor\" data-id=\"6760bf7\" data-element_type=\"widget\" data-e-type=\"widget\" data-widget_type=\"text-editor.default\">\n\t\t\t\t<div class=\"elementor-widget-container\">\n\t\t\t\t\t\t\t\t\t<p>We create a great realtors network, where we offer all the necessary tools to potentiate and obtain the best results for your sales, as an independent real estate agent or broker.<\/p><p>&#8211; Capacitaci\u00f3n continua para ti y tus colaboradores.<\/p><p>&#8211; Asesor\u00edas personalizadas.<\/p><p>&#8211; Relaci\u00f3n directa con la desarrolladora.<\/p><p>&#8211; Excelente esquema de comisiones.<\/p><p>-Oficinas, instalaciones y material de apoyo.<\/p>\t\t\t\t\t\t\t\t<\/div>\n\t\t\t\t<\/div>\n\t\t\t\t<\/div>\n\t\t<div class=\"elementor-element elementor-element-f7cfeed e-con-full e-flex e-con e-child\" data-id=\"f7cfeed\" data-element_type=\"container\" data-e-type=\"container\">\n\t\t\t\t<div class=\"elementor-element elementor-element-eb390f6 elementor-widget elementor-widget-image\" data-id=\"eb390f6\" data-element_type=\"widget\" data-e-type=\"widget\" data-widget_type=\"image.default\">\n\t\t\t\t<div class=\"elementor-widget-container\">\n\t\t\t\t\t\t\t\t\t\t\t\t\t\t\t<img decoding=\"async\" width=\"1226\" height=\"817\" src=\"https:\/\/inmove.com.mx\/wp-content\/uploads\/2023\/03\/inmov_inmobiliariaoficina.jpg\" class=\"attachment-full size-full wp-image-1683\" alt=\"\" srcset=\"https:\/\/inmove.com.mx\/wp-content\/uploads\/2023\/03\/inmov_inmobiliariaoficina.jpg 1226w, https:\/\/inmove.com.mx\/wp-content\/uploads\/2023\/03\/inmov_inmobiliariaoficina-300x200.jpg 300w, https:\/\/inmove.com.mx\/wp-content\/uploads\/2023\/03\/inmov_inmobiliariaoficina-1024x682.jpg 1024w, https:\/\/inmove.com.mx\/wp-content\/uploads\/2023\/03\/inmov_inmobiliariaoficina-768x512.jpg 768w\" sizes=\"(max-width: 1226px) 100vw, 1226px\" \/>\t\t\t\t\t\t\t\t\t\t\t\t\t\t\t<\/div>\n\t\t\t\t<\/div>\n\t\t\t\t<\/div>\n\t\t\t\t<\/div>\n\t\t<div class=\"elementor-element elementor-element-668b079 e-flex e-con-boxed e-con e-parent\" data-id=\"668b079\" data-element_type=\"container\" data-e-type=\"container\" data-settings=\"{&quot;background_background&quot;:&quot;classic&quot;}\">\n\t\t\t\t\t<div class=\"e-con-inner\">\n\t\t<div class=\"elementor-element elementor-element-6f1c0a8 e-con-full e-flex e-con e-child\" data-id=\"6f1c0a8\" data-element_type=\"container\" data-e-type=\"container\">\n\t\t\t\t<div class=\"elementor-element elementor-element-b39e87e elementor-widget elementor-widget-image\" data-id=\"b39e87e\" data-element_type=\"widget\" data-e-type=\"widget\" data-widget_type=\"image.default\">\n\t\t\t\t<div class=\"elementor-widget-container\">\n\t\t\t\t\t\t\t\t\t\t\t\t\t\t\t<img decoding=\"async\" width=\"511\" height=\"765\" src=\"https:\/\/inmove.com.mx\/wp-content\/uploads\/2023\/03\/inmov_INMOVEoficinas.jpg\" class=\"attachment-large size-large wp-image-1684\" alt=\"\" srcset=\"https:\/\/inmove.com.mx\/wp-content\/uploads\/2023\/03\/inmov_INMOVEoficinas.jpg 511w, https:\/\/inmove.com.mx\/wp-content\/uploads\/2023\/03\/inmov_INMOVEoficinas-200x300.jpg 200w\" sizes=\"(max-width: 511px) 100vw, 511px\" \/>\t\t\t\t\t\t\t\t\t\t\t\t\t\t\t<\/div>\n\t\t\t\t<\/div>\n\t\t\t\t<\/div>\n\t\t<div class=\"elementor-element elementor-element-f93897e e-con-full e-flex e-con e-child\" data-id=\"f93897e\" data-element_type=\"container\" data-e-type=\"container\">\n\t\t\t\t<div class=\"elementor-element elementor-element-738615f elementor-widget elementor-widget-heading\" data-id=\"738615f\" data-element_type=\"widget\" data-e-type=\"widget\" data-widget_type=\"heading.default\">\n\t\t\t\t<div class=\"elementor-widget-container\">\n\t\t\t\t\t<h2 class=\"elementor-heading-title elementor-size-default\">Una estrategia en equipo<\/h2>\t\t\t\t<\/div>\n\t\t\t\t<\/div>\n\t\t\t\t<div class=\"elementor-element elementor-element-ea00f9a elementor-widget elementor-widget-text-editor\" data-id=\"ea00f9a\" data-element_type=\"widget\" data-e-type=\"widget\" data-widget_type=\"text-editor.default\">\n\t\t\t\t<div class=\"elementor-widget-container\">\n\t\t\t\t\t\t\t\t\t<p>Brinda una experiencia a tus clientes con nuestras oficinas que ponemos a tu disposici\u00f3n junto con un asesor para concretar todos tus cierres.<\/p>\t\t\t\t\t\t\t\t<\/div>\n\t\t\t\t<\/div>\n\t\t\t\t<\/div>\n\t\t\t\t\t<\/div>\n\t\t\t\t<\/div>\n\t\t<div class=\"elementor-element elementor-element-79cb788 e-flex e-con-boxed elementor-invisible e-con e-parent\" data-id=\"79cb788\" data-element_type=\"container\" data-e-type=\"container\" data-settings=\"{&quot;animation&quot;:&quot;fadeIn&quot;}\">\n\t\t\t\t\t<div class=\"e-con-inner\">\n\t\t<div class=\"elementor-element elementor-element-157616d e-con-full e-flex e-con e-child\" data-id=\"157616d\" data-element_type=\"container\" data-e-type=\"container\">\n\t\t\t\t<\/div>\n\t\t<div class=\"elementor-element elementor-element-9cf399e e-con-full e-flex e-con e-child\" data-id=\"9cf399e\" data-element_type=\"container\" data-e-type=\"container\">\n\t\t\t\t<div class=\"elementor-element elementor-element-a086217 elementor-widget elementor-widget-heading\" data-id=\"a086217\" data-element_type=\"widget\" data-e-type=\"widget\" data-widget_type=\"heading.default\">\n\t\t\t\t<div class=\"elementor-widget-container\">\n\t\t\t\t\t<h2 class=\"elementor-heading-title elementor-size-default\">Get in touch!<\/h2>\t\t\t\t<\/div>\n\t\t\t\t<\/div>\n\t\t\t\t<div class=\"elementor-element elementor-element-f8554b9 elementor-widget__width-inherit elementor-widget elementor-widget-shortcode\" data-id=\"f8554b9\" data-element_type=\"widget\" data-e-type=\"widget\" data-widget_type=\"shortcode.default\">\n\t\t\t\t<div class=\"elementor-widget-container\">\n\t\t\t\t\t\t\t<div class=\"elementor-shortcode\"><div class='_form_41'><\/div><script type='text\/javascript' src='https:\/\/corporativovega176597.activehosted.com\/f\/embed.php?static=0&id=41&69D1D64981EDE&nostyles=0&preview=0'><\/script><\/div>\n\t\t\t\t\t\t<\/div>\n\t\t\t\t<\/div>\n\t\t\t\t<\/div>\n\t\t<div class=\"elementor-element elementor-element-27a7b75 e-con-full e-flex e-con e-child\" data-id=\"27a7b75\" data-element_type=\"container\" data-e-type=\"container\">\n\t\t\t\t<\/div>\n\t\t\t\t\t<\/div>\n\t\t\t\t<\/div>\n\t\t\t\t<\/div>","protected":false},"excerpt":{"rendered":"<p>Creamos una gran red de inmobiliarias, donde ofrecemos todas las herramientas necesarias para potencializar y obtener los mejores resultados para tus ventas, como asesor independiente o inmobiliaria. &#8211; Capacitaci\u00f3n continua para ti y tus colaboradores. &#8211; Asesor\u00edas personalizadas. &#8211; Relaci\u00f3n directa con la desarrolladora. &#8211; Excelente esquema de comisiones. -Oficinas, instalaciones y material de apoyo. [&hellip;]<\/p>","protected":false},"author":1,"featured_media":1605,"parent":0,"menu_order":0,"comment_status":"closed","ping_status":"closed","template":"","meta":{"_acf_changed":false,"_eb_attr":"","content-type":"","_joinchat":[],"footnotes":""},"class_list":["post-1680","page","type-page","status-publish","has-post-thumbnail","hentry"],"acf":[],"_links":{"self":[{"href":"https:\/\/inmove.com.mx\/en\/wp-json\/wp\/v2\/pages\/1680","targetHints":{"allow":["GET"]}}],"collection":[{"href":"https:\/\/inmove.com.mx\/en\/wp-json\/wp\/v2\/pages"}],"about":[{"href":"https:\/\/inmove.com.mx\/en\/wp-json\/wp\/v2\/types\/page"}],"author":[{"embeddable":true,"href":"https:\/\/inmove.com.mx\/en\/wp-json\/wp\/v2\/users\/1"}],"replies":[{"embeddable":true,"href":"https:\/\/inmove.com.mx\/en\/wp-json\/wp\/v2\/comments?post=1680"}],"version-history":[{"count":53,"href":"https:\/\/inmove.com.mx\/en\/wp-json\/wp\/v2\/pages\/1680\/revisions"}],"predecessor-version":[{"id":6718,"href":"https:\/\/inmove.com.mx\/en\/wp-json\/wp\/v2\/pages\/1680\/revisions\/6718"}],"wp:featuredmedia":[{"embeddable":true,"href":"https:\/\/inmove.com.mx\/en\/wp-json\/wp\/v2\/media\/1605"}],"wp:attachment":[{"href":"https:\/\/inmove.com.mx\/en\/wp-json\/wp\/v2\/media?parent=1680"}],"curies":[{"name":"wp","href":"https:\/\/api.w.org\/{rel}","templated":true}]}}