{"id":1055,"date":"2022-10-27T05:05:08","date_gmt":"2022-10-27T05:05:08","guid":{"rendered":"https:\/\/inmove.com.mx\/index.php\/gracias\/"},"modified":"2024-11-26T18:39:37","modified_gmt":"2024-11-26T18:39:37","slug":"gracias","status":"publish","type":"page","link":"https:\/\/inmove.com.mx\/en\/gracias\/","title":{"rendered":"Gracias"},"content":{"rendered":"<div data-elementor-type=\"wp-page\" data-elementor-id=\"1055\" class=\"elementor elementor-1055\" data-elementor-post-type=\"page\">\n\t\t\t\t\t\t<section class=\"elementor-section elementor-top-section elementor-element elementor-element-45b1f794 elementor-section-height-full elementor-section-boxed elementor-section-height-default elementor-section-items-middle\" data-id=\"45b1f794\" data-element_type=\"section\" data-e-type=\"section\" data-settings=\"{&quot;background_background&quot;:&quot;classic&quot;}\">\n\t\t\t\t\t\t\t<div class=\"elementor-background-overlay\"><\/div>\n\t\t\t\t\t\t\t<div class=\"elementor-container elementor-column-gap-default\">\n\t\t\t\t\t<div class=\"elementor-column elementor-col-100 elementor-top-column elementor-element elementor-element-1e812e1e\" data-id=\"1e812e1e\" data-element_type=\"column\" data-e-type=\"column\">\n\t\t\t<div class=\"elementor-widget-wrap elementor-element-populated\">\n\t\t\t\t\t\t<section class=\"elementor-section elementor-inner-section elementor-element elementor-element-a27d8f4 elementor-section-boxed elementor-section-height-default elementor-section-height-default\" data-id=\"a27d8f4\" data-element_type=\"section\" data-e-type=\"section\">\n\t\t\t\t\t\t<div class=\"elementor-container elementor-column-gap-default\">\n\t\t\t\t\t<div class=\"elementor-column elementor-col-33 elementor-inner-column elementor-element elementor-element-658a638\" data-id=\"658a638\" data-element_type=\"column\" data-e-type=\"column\">\n\t\t\t<div class=\"elementor-widget-wrap elementor-element-populated\">\n\t\t\t\t\t\t<div class=\"elementor-element elementor-element-9c7af4c elementor-widget elementor-widget-image\" data-id=\"9c7af4c\" data-element_type=\"widget\" data-e-type=\"widget\" data-widget_type=\"image.default\">\n\t\t\t\t<div class=\"elementor-widget-container\">\n\t\t\t\t\t\t\t\t\t\t\t\t\t\t\t\t<a href=\"https:\/\/inmove.com.mx\/en\">\n\t\t\t\t\t\t\t<img fetchpriority=\"high\" decoding=\"async\" width=\"800\" height=\"339\" src=\"https:\/\/inmove.com.mx\/wp-content\/uploads\/2024\/06\/INMOVE-LOGO-300X400-PNG-1024x434.png\" class=\"attachment-large size-large wp-image-6181\" alt=\"\" srcset=\"https:\/\/inmove.com.mx\/wp-content\/uploads\/2024\/06\/INMOVE-LOGO-300X400-PNG-1024x434.png 1024w, https:\/\/inmove.com.mx\/wp-content\/uploads\/2024\/06\/INMOVE-LOGO-300X400-PNG-300x127.png 300w, https:\/\/inmove.com.mx\/wp-content\/uploads\/2024\/06\/INMOVE-LOGO-300X400-PNG-768x325.png 768w, https:\/\/inmove.com.mx\/wp-content\/uploads\/2024\/06\/INMOVE-LOGO-300X400-PNG-1536x651.png 1536w, https:\/\/inmove.com.mx\/wp-content\/uploads\/2024\/06\/INMOVE-LOGO-300X400-PNG-18x8.png 18w, https:\/\/inmove.com.mx\/wp-content\/uploads\/2024\/06\/INMOVE-LOGO-300X400-PNG.png 1622w\" sizes=\"(max-width: 800px) 100vw, 800px\" \/>\t\t\t\t\t\t\t\t<\/a>\n\t\t\t\t\t\t\t\t\t\t\t\t\t\t\t<\/div>\n\t\t\t\t<\/div>\n\t\t\t\t\t<\/div>\n\t\t<\/div>\n\t\t\t\t<div class=\"elementor-column elementor-col-66 elementor-inner-column elementor-element elementor-element-60a964a\" data-id=\"60a964a\" data-element_type=\"column\" data-e-type=\"column\">\n\t\t\t<div class=\"elementor-widget-wrap elementor-element-populated\">\n\t\t\t\t\t\t<div class=\"elementor-element elementor-element-513b11ea elementor-widget elementor-widget-heading\" data-id=\"513b11ea\" data-element_type=\"widget\" data-e-type=\"widget\" data-widget_type=\"heading.default\">\n\t\t\t\t<div class=\"elementor-widget-container\">\n\t\t\t\t\t<h2 class=\"elementor-heading-title elementor-size-default\">GRACIAS <\/h2>\t\t\t\t<\/div>\n\t\t\t\t<\/div>\n\t\t\t\t<div class=\"elementor-element elementor-element-6a2e1bca elementor-widget elementor-widget-text-editor\" data-id=\"6a2e1bca\" data-element_type=\"widget\" data-e-type=\"widget\" data-widget_type=\"text-editor.default\">\n\t\t\t\t<div class=\"elementor-widget-container\">\n\t\t\t\t\t\t\t\t\t<p>Inmove cuida tus datos. \u00a1Gracias por ponerte en contacto con nosotros! En breve, uno de nuestros asesores se pondr\u00e1 en contacto contigo.<\/p><p>\u00a1Nos vemos pronto!<\/p>\t\t\t\t\t\t\t\t<\/div>\n\t\t\t\t<\/div>\n\t\t\t\t\t<\/div>\n\t\t<\/div>\n\t\t\t\t\t<\/div>\n\t\t<\/section>\n\t\t\t\t<div class=\"elementor-element elementor-element-0ee8fa0 elementor-align-center elementor-widget elementor-widget-button\" data-id=\"0ee8fa0\" data-element_type=\"widget\" data-e-type=\"widget\" data-widget_type=\"button.default\">\n\t\t\t\t<div class=\"elementor-widget-container\">\n\t\t\t\t\t\t\t\t\t<div class=\"elementor-button-wrapper\">\n\t\t\t\t\t<a class=\"elementor-button elementor-button-link elementor-size-sm\" href=\"https:\/\/inmove.com.mx\/en\">\n\t\t\t\t\t\t<span class=\"elementor-button-content-wrapper\">\n\t\t\t\t\t\t<span class=\"elementor-button-icon\">\n\t\t\t\t<i aria-hidden=\"true\" class=\"fas fa-arrow-left\"><\/i>\t\t\t<\/span>\n\t\t\t\t\t\t\t\t\t<span class=\"elementor-button-text\">REGRESAR AL INICIO<\/span>\n\t\t\t\t\t<\/span>\n\t\t\t\t\t<\/a>\n\t\t\t\t<\/div>\n\t\t\t\t\t\t\t\t<\/div>\n\t\t\t\t<\/div>\n\t\t<div class=\"elementor-element elementor-element-95c15aa e-con-full e-flex e-con e-parent\" data-id=\"95c15aa\" data-element_type=\"container\" data-e-type=\"container\">\n\t\t<div class=\"elementor-element elementor-element-c05ba45 e-con-full e-flex e-con e-child\" data-id=\"c05ba45\" data-element_type=\"container\" data-e-type=\"container\">\n\t\t\t\t<div class=\"elementor-element elementor-element-9b70505 elementor-grid-1 elementor-grid-tablet-1 elementor-posts--align-left elementor-grid-mobile-1 elementor-posts--thumbnail-top elementor-card-shadow-yes elementor-posts__hover-gradient elementor-widget elementor-widget-posts\" data-id=\"9b70505\" data-element_type=\"widget\" data-e-type=\"widget\" data-settings=\"{&quot;cards_columns&quot;:&quot;1&quot;,&quot;cards_columns_tablet&quot;:&quot;1&quot;,&quot;cards_columns_mobile&quot;:&quot;1&quot;,&quot;cards_row_gap&quot;:{&quot;unit&quot;:&quot;px&quot;,&quot;size&quot;:35,&quot;sizes&quot;:[]},&quot;cards_row_gap_laptop&quot;:{&quot;unit&quot;:&quot;px&quot;,&quot;size&quot;:&quot;&quot;,&quot;sizes&quot;:[]},&quot;cards_row_gap_tablet&quot;:{&quot;unit&quot;:&quot;px&quot;,&quot;size&quot;:&quot;&quot;,&quot;sizes&quot;:[]},&quot;cards_row_gap_mobile&quot;:{&quot;unit&quot;:&quot;px&quot;,&quot;size&quot;:&quot;&quot;,&quot;sizes&quot;:[]}}\" data-widget_type=\"posts.cards\">\n\t\t\t\t<div class=\"elementor-widget-container\">\n\t\t\t\t\t\t\t<div class=\"elementor-posts-container elementor-posts elementor-posts--skin-cards elementor-grid\" role=\"list\">\n\t\t\t\t<article class=\"elementor-post elementor-grid-item post-5431 post type-post status-publish format-standard has-post-thumbnail hentry category-uncategorized\" role=\"listitem\">\n\t\t\t<div class=\"elementor-post__card\">\n\t\t\t\t<a class=\"elementor-post__thumbnail__link\" href=\"https:\/\/inmove.com.mx\/en\/sabes-por-que-yucatan-es-el-estado-mas-seguro-de-mexico\/\" tabindex=\"-1\" ><div class=\"elementor-post__thumbnail\"><img decoding=\"async\" width=\"1920\" height=\"1080\" src=\"https:\/\/inmove.com.mx\/wp-content\/uploads\/2024\/01\/Merida_Yucatan.jpg\" class=\"attachment-full size-full wp-image-5432\" alt=\"\" srcset=\"https:\/\/inmove.com.mx\/wp-content\/uploads\/2024\/01\/Merida_Yucatan.jpg 1920w, https:\/\/inmove.com.mx\/wp-content\/uploads\/2024\/01\/Merida_Yucatan-300x169.jpg 300w, https:\/\/inmove.com.mx\/wp-content\/uploads\/2024\/01\/Merida_Yucatan-1024x576.jpg 1024w, https:\/\/inmove.com.mx\/wp-content\/uploads\/2024\/01\/Merida_Yucatan-768x432.jpg 768w, https:\/\/inmove.com.mx\/wp-content\/uploads\/2024\/01\/Merida_Yucatan-1536x864.jpg 1536w, https:\/\/inmove.com.mx\/wp-content\/uploads\/2024\/01\/Merida_Yucatan-18x10.jpg 18w\" sizes=\"(max-width: 1920px) 100vw, 1920px\" \/><\/div><\/a>\n\t\t\t\t<div class=\"elementor-post__text\">\n\t\t\t\t<h3 class=\"elementor-post__title\">\n\t\t\t<a href=\"https:\/\/inmove.com.mx\/en\/sabes-por-que-yucatan-es-el-estado-mas-seguro-de-mexico\/\" >\n\t\t\t\t\u00bfSabes por qu\u00e9 Yucat\u00e1n es el estado m\u00e1s seguro de M\u00e9xico?\u00a0\t\t\t<\/a>\n\t\t<\/h3>\n\t\t\t\t\t<div class=\"elementor-post__read-more-wrapper\">\n\t\t\n\t\t<a class=\"elementor-post__read-more\" href=\"https:\/\/inmove.com.mx\/en\/sabes-por-que-yucatan-es-el-estado-mas-seguro-de-mexico\/\" aria-label=\"Read more about \u00bfSabes por qu\u00e9 Yucat\u00e1n es el estado m\u00e1s seguro de M\u00e9xico?\u00a0\" tabindex=\"-1\" >\n\t\t\tRead more\t\t<\/a>\n\n\t\t\t\t\t<\/div>\n\t\t\t\t<\/div>\n\t\t\t\t\t<\/div>\n\t\t<\/article>\n\t\t\t\t<\/div>\n\t\t\n\t\t\t\t\t\t<\/div>\n\t\t\t\t<\/div>\n\t\t\t\t<\/div>\n\t\t<div class=\"elementor-element elementor-element-9c3b8a2 e-con-full e-flex e-con e-child\" data-id=\"9c3b8a2\" data-element_type=\"container\" data-e-type=\"container\">\n\t\t\t\t<div class=\"elementor-element elementor-element-358c3b5 elementor-grid-1 elementor-grid-tablet-1 elementor-grid-mobile-1 elementor-posts--thumbnail-top elementor-card-shadow-yes elementor-posts__hover-gradient elementor-widget elementor-widget-posts\" data-id=\"358c3b5\" data-element_type=\"widget\" data-e-type=\"widget\" data-settings=\"{&quot;cards_columns&quot;:&quot;1&quot;,&quot;cards_columns_tablet&quot;:&quot;1&quot;,&quot;cards_columns_mobile&quot;:&quot;1&quot;,&quot;cards_row_gap&quot;:{&quot;unit&quot;:&quot;px&quot;,&quot;size&quot;:35,&quot;sizes&quot;:[]},&quot;cards_row_gap_laptop&quot;:{&quot;unit&quot;:&quot;px&quot;,&quot;size&quot;:&quot;&quot;,&quot;sizes&quot;:[]},&quot;cards_row_gap_tablet&quot;:{&quot;unit&quot;:&quot;px&quot;,&quot;size&quot;:&quot;&quot;,&quot;sizes&quot;:[]},&quot;cards_row_gap_mobile&quot;:{&quot;unit&quot;:&quot;px&quot;,&quot;size&quot;:&quot;&quot;,&quot;sizes&quot;:[]}}\" data-widget_type=\"posts.cards\">\n\t\t\t\t<div class=\"elementor-widget-container\">\n\t\t\t\t\t\t\t<div class=\"elementor-posts-container elementor-posts elementor-posts--skin-cards elementor-grid\" role=\"list\">\n\t\t\t\t<article class=\"elementor-post elementor-grid-item post-2272 post type-post status-publish format-standard has-post-thumbnail hentry category-uncategorized category-lifestyle\" role=\"listitem\">\n\t\t\t<div class=\"elementor-post__card\">\n\t\t\t\t<a class=\"elementor-post__thumbnail__link\" href=\"https:\/\/inmove.com.mx\/en\/descubre-las-razones-para-adquirir-tu-propiedad-en-merida-yucatan\/\" tabindex=\"-1\" ><div class=\"elementor-post__thumbnail\"><img decoding=\"async\" width=\"1000\" height=\"900\" src=\"https:\/\/inmove.com.mx\/wp-content\/uploads\/2023\/07\/Merida-de-noche-panoramica.jpg\" class=\"attachment-full size-full wp-image-2276\" alt=\"\" srcset=\"https:\/\/inmove.com.mx\/wp-content\/uploads\/2023\/07\/Merida-de-noche-panoramica.jpg 1000w, https:\/\/inmove.com.mx\/wp-content\/uploads\/2023\/07\/Merida-de-noche-panoramica-300x270.jpg 300w, https:\/\/inmove.com.mx\/wp-content\/uploads\/2023\/07\/Merida-de-noche-panoramica-768x691.jpg 768w\" sizes=\"(max-width: 1000px) 100vw, 1000px\" \/><\/div><\/a>\n\t\t\t\t<div class=\"elementor-post__text\">\n\t\t\t\t<h3 class=\"elementor-post__title\">\n\t\t\t<a href=\"https:\/\/inmove.com.mx\/en\/descubre-las-razones-para-adquirir-tu-propiedad-en-merida-yucatan\/\" >\n\t\t\t\tDiscover the reasons to buy your property in: M\u00e9rida, Yucat\u00e1n\t\t\t<\/a>\n\t\t<\/h3>\n\t\t\t\t\t<div class=\"elementor-post__read-more-wrapper\">\n\t\t\n\t\t<a class=\"elementor-post__read-more\" href=\"https:\/\/inmove.com.mx\/en\/descubre-las-razones-para-adquirir-tu-propiedad-en-merida-yucatan\/\" aria-label=\"Read more about Descubre las razones para adquirir tu propiedad en: M\u00e9rida, Yucat\u00e1n\" tabindex=\"-1\" >\n\t\t\tRead more\t\t<\/a>\n\n\t\t\t\t\t<\/div>\n\t\t\t\t<\/div>\n\t\t\t\t\t<\/div>\n\t\t<\/article>\n\t\t\t\t<\/div>\n\t\t\n\t\t\t\t\t\t<\/div>\n\t\t\t\t<\/div>\n\t\t\t\t<\/div>\n\t\t<div class=\"elementor-element elementor-element-c435954 e-con-full e-flex e-con e-child\" data-id=\"c435954\" data-element_type=\"container\" data-e-type=\"container\">\n\t\t\t\t<div class=\"elementor-element elementor-element-72e8e4a elementor-grid-1 elementor-grid-tablet-1 elementor-grid-mobile-1 elementor-posts--thumbnail-top elementor-card-shadow-yes elementor-posts__hover-gradient elementor-widget elementor-widget-posts\" data-id=\"72e8e4a\" data-element_type=\"widget\" data-e-type=\"widget\" data-settings=\"{&quot;cards_columns&quot;:&quot;1&quot;,&quot;cards_columns_tablet&quot;:&quot;1&quot;,&quot;cards_row_gap&quot;:{&quot;unit&quot;:&quot;px&quot;,&quot;size&quot;:51,&quot;sizes&quot;:[]},&quot;cards_columns_mobile&quot;:&quot;1&quot;,&quot;cards_row_gap_laptop&quot;:{&quot;unit&quot;:&quot;px&quot;,&quot;size&quot;:&quot;&quot;,&quot;sizes&quot;:[]},&quot;cards_row_gap_tablet&quot;:{&quot;unit&quot;:&quot;px&quot;,&quot;size&quot;:&quot;&quot;,&quot;sizes&quot;:[]},&quot;cards_row_gap_mobile&quot;:{&quot;unit&quot;:&quot;px&quot;,&quot;size&quot;:&quot;&quot;,&quot;sizes&quot;:[]}}\" data-widget_type=\"posts.cards\">\n\t\t\t\t<div class=\"elementor-widget-container\">\n\t\t\t\t\t\t\t<div class=\"elementor-posts-container elementor-posts elementor-posts--skin-cards elementor-grid\" role=\"list\">\n\t\t\t\t<article class=\"elementor-post elementor-grid-item post-5510 post type-post status-publish format-standard has-post-thumbnail hentry category-uncategorized\" role=\"listitem\">\n\t\t\t<div class=\"elementor-post__card\">\n\t\t\t\t<a class=\"elementor-post__thumbnail__link\" href=\"https:\/\/inmove.com.mx\/en\/el-oro-verde-de-yucatan-el-henequen\/\" tabindex=\"-1\" ><div class=\"elementor-post__thumbnail\"><img loading=\"lazy\" decoding=\"async\" width=\"2560\" height=\"2560\" src=\"https:\/\/inmove.com.mx\/wp-content\/uploads\/2024\/02\/inmove-8-scaled.jpg\" class=\"attachment-full size-full wp-image-5511\" alt=\"\" srcset=\"https:\/\/inmove.com.mx\/wp-content\/uploads\/2024\/02\/inmove-8-scaled.jpg 2560w, https:\/\/inmove.com.mx\/wp-content\/uploads\/2024\/02\/inmove-8-300x300.jpg 300w, https:\/\/inmove.com.mx\/wp-content\/uploads\/2024\/02\/inmove-8-1024x1024.jpg 1024w, https:\/\/inmove.com.mx\/wp-content\/uploads\/2024\/02\/inmove-8-150x150.jpg 150w, https:\/\/inmove.com.mx\/wp-content\/uploads\/2024\/02\/inmove-8-768x768.jpg 768w, https:\/\/inmove.com.mx\/wp-content\/uploads\/2024\/02\/inmove-8-1536x1536.jpg 1536w, https:\/\/inmove.com.mx\/wp-content\/uploads\/2024\/02\/inmove-8-2048x2048.jpg 2048w, https:\/\/inmove.com.mx\/wp-content\/uploads\/2024\/02\/inmove-8-12x12.jpg 12w\" sizes=\"(max-width: 2560px) 100vw, 2560px\" \/><\/div><\/a>\n\t\t\t\t<div class=\"elementor-post__text\">\n\t\t\t\t<h3 class=\"elementor-post__title\">\n\t\t\t<a href=\"https:\/\/inmove.com.mx\/en\/el-oro-verde-de-yucatan-el-henequen\/\" >\n\t\t\t\tEl oro verde de Yucat\u00e1n: El Henequ\u00e9n.\u00a0\u00a0\t\t\t<\/a>\n\t\t<\/h3>\n\t\t\t\t\t<div class=\"elementor-post__read-more-wrapper\">\n\t\t\n\t\t<a class=\"elementor-post__read-more\" href=\"https:\/\/inmove.com.mx\/en\/el-oro-verde-de-yucatan-el-henequen\/\" aria-label=\"Read more about El oro verde de Yucat\u00e1n: El Henequ\u00e9n.\u00a0\u00a0\" tabindex=\"-1\" >\n\t\t\tRead more\t\t<\/a>\n\n\t\t\t\t\t<\/div>\n\t\t\t\t<\/div>\n\t\t\t\t\t<\/div>\n\t\t<\/article>\n\t\t\t\t<\/div>\n\t\t\n\t\t\t\t\t\t<\/div>\n\t\t\t\t<\/div>\n\t\t\t\t<\/div>\n\t\t\t\t<\/div>\n\t\t\t\t\t<\/div>\n\t\t<\/div>\n\t\t\t\t\t<\/div>\n\t\t<\/section>\n\t\t\t\t<\/div>","protected":false},"excerpt":{"rendered":"<p>GRACIAS Inmove cuida tus datos. \u00a1Gracias por ponerte en contacto con nosotros! En breve, uno de nuestros asesores se pondr\u00e1 en contacto contigo. \u00a1Nos vemos<\/p>","protected":false},"author":1,"featured_media":0,"parent":0,"menu_order":0,"comment_status":"closed","ping_status":"closed","template":"elementor_canvas","meta":{"_acf_changed":false,"_eb_attr":"","content-type":"","_joinchat":[],"footnotes":""},"class_list":["post-1055","page","type-page","status-publish","hentry"],"acf":[],"_links":{"self":[{"href":"https:\/\/inmove.com.mx\/en\/wp-json\/wp\/v2\/pages\/1055","targetHints":{"allow":["GET"]}}],"collection":[{"href":"https:\/\/inmove.com.mx\/en\/wp-json\/wp\/v2\/pages"}],"about":[{"href":"https:\/\/inmove.com.mx\/en\/wp-json\/wp\/v2\/types\/page"}],"author":[{"embeddable":true,"href":"https:\/\/inmove.com.mx\/en\/wp-json\/wp\/v2\/users\/1"}],"replies":[{"embeddable":true,"href":"https:\/\/inmove.com.mx\/en\/wp-json\/wp\/v2\/comments?post=1055"}],"version-history":[{"count":45,"href":"https:\/\/inmove.com.mx\/en\/wp-json\/wp\/v2\/pages\/1055\/revisions"}],"predecessor-version":[{"id":7261,"href":"https:\/\/inmove.com.mx\/en\/wp-json\/wp\/v2\/pages\/1055\/revisions\/7261"}],"wp:attachment":[{"href":"https:\/\/inmove.com.mx\/en\/wp-json\/wp\/v2\/media?parent=1055"}],"curies":[{"name":"wp","href":"https:\/\/api.w.org\/{rel}","templated":true}]}}